{"id":2925,"date":"2015-02-03T20:15:21","date_gmt":"2015-02-03T20:15:21","guid":{"rendered":"https:\/\/hotelsispins.com\/concept\/"},"modified":"2023-07-12T08:32:29","modified_gmt":"2023-07-12T08:32:29","slug":"concepto","status":"publish","type":"page","link":"https:\/\/hotelsispins.com\/es\/concepto\/","title":{"rendered":"Concepto"},"content":{"rendered":"<p><div class=\"fusion-fullwidth fullwidth-box fusion-builder-row-1 nonhundred-percent-fullwidth non-hundred-percent-height-scrolling\" style=\"background-color: rgba(255,255,255,0);background-position: left top;background-repeat: no-repeat;padding-top:0px;padding-right:0px;padding-bottom:60px;padding-left:0px;margin-bottom: 0px;margin-top: 0px;border-width: 0px 0px 0px 0px;border-color:#eae9e9;border-style:solid;\" ><div class=\"fusion-builder-row fusion-row\"><div class=\"fusion-layout-column fusion_builder_column fusion-builder-column-0 fusion_builder_column_1_2 1_2 fusion-one-half fusion-column-first\" style=\"width:48%; margin-right: 4%;margin-top:0px;margin-bottom:20px;\"><div class=\"fusion-column-wrapper fusion-flex-column-wrapper-legacy\" style=\"background-position:left top;background-repeat:no-repeat;-webkit-background-size:cover;-moz-background-size:cover;-o-background-size:cover;background-size:cover;padding: 0px 0px 0px 0px;\"><div class=\"fusion-text fusion-text-1\"><p style=\"letter-spacing: 4px; font-size: 13px; text-align: center; margin-bottom: 0px;\">Hotel Sis Pins<\/p>\n<h1 style=\"text-align: center;\">Concepto<\/h1>\n<\/div><div class=\"fusion-text fusion-text-2\"><h2>El \u00abconcepto\u00bb del Hotel Sis Pins se diferencia de las grandes cadenas hoteleras de Mallorca en que ofrece alojamiento y servicios personalizados. Nos enorgullecemos de ofrecer nuestros servicios en un ambiente c\u00f3modo, \u00edntimo y acogedor. En colaboraci\u00f3n con Cappuccino Grand Caf\u00e9, ofrecemos la m\u00e1s alta calidad, con un dise\u00f1o exclusivo y el mejor personal.<\/h2>\n<p>Con un bello entorno, el Hotel Sis Pins en Puerto Pollensa asegura todos los esfuerzos para mejorar su estancia para lo que sea que busque, relajaci\u00f3n, cultura, aventura o simplemente estilo. A diferencia de la mayor\u00eda de los hoteles de lujo de Mallorca, el hotel en s\u00ed es de propiedad brit\u00e1nica, lo que se refleja en la c\u00e1lida bienvenida inmediata que el personal del hotel sigue el ejemplo y uno siente que nada es un gran problema. Las habitaciones, decoradas de forma tradicional, garantizan que no se pase por alto ninguna necesidad personal por peque\u00f1a que sea, incluyendo art\u00edculos de tocador, menaje para preparar t\u00e9 y aire acondicionado. Es esta atenci\u00f3n personal de la que el Hotel se enorgullece lo que lo separa de otros grandes hoteles de Pollen\u00e7a, Palma o incluso Mallorca.<\/p>\n<h2>Nota de la direcci\u00f3n<\/h2>\n<blockquote>\n<p>Aqu\u00ed en Sis Pins, la direcci\u00f3n y el personal est\u00e1n muy orgullosos de nuestro hotel. Aspiramos a ser uno de los grandes hoteles de Mallorca. La elegancia atemporal de Sis Pins, un hotel favorecido por Agatha Christie, contin\u00faa el estilo \u00fanico de los a\u00f1os 50 con el Cappuccino Grand Caf\u00e9. Situado en el hotel y en la terraza con vistas a la bah\u00eda, Cappuccino permite a nuestros hu\u00e9spedes ser mimados gastron\u00f3micamente desde un elegante caf\u00e9 hasta una comida completa mientras son atendidos por los camareros que destilan clase y gentileza haciendo de una parada para tomar un caf\u00e9 o algo de comer toda una deliciosa experiencia, creando una sensaci\u00f3n de hotel de lujo en Mallorca.<\/p>\n<p>Nuestro objetivo es que el ambiente que rodea a Sis Pins sea el de un hogar fuera de casa donde una estancia, por corta que sea en Pollen\u00e7a, sea memorable e inolvidable tentando a ustedes, nuestros hu\u00e9spedes, a volver una y otra vez.<\/p>\n<\/blockquote>\n<h2>Contacto<\/h2>\n<p>P\u00f3ngase en contacto con nosotros<\/p>\n<\/div><div class=\"fusion-sep-clear\"><\/div><div class=\"fusion-separator\" style=\"margin-left: auto;margin-right: auto;margin-top:0px;margin-bottom:20px;width:100%;max-width:50px;\"><div class=\"fusion-separator-border sep-single sep-solid\" style=\"border-color:#cbaa5c;border-top-width:1px;\"><\/div><\/div><div class=\"fusion-sep-clear\"><\/div><div class=\"fusion-sep-clear\"><\/div><div class=\"fusion-separator fusion-full-width-sep\" style=\"margin-left: auto;margin-right: auto;margin-top:12px;width:100%;\"><\/div><div class=\"fusion-sep-clear\"><\/div><div class=\"fusion-aligncenter\"><style>.fusion-button.button-1{border-radius:2px 2px 2px 2px;}<\/style><a class=\"fusion-button button-flat button-large button-default button-1 fusion-button-default-span \" target=\"_self\" href=\"http:\/\/hotelsispins.com\/booking\"><span class=\"fusion-button-text fusion-button-text-right\">BOOK NOW<\/span><span class=\"fusion-button-icon-divider button-icon-divider-right\"><i class=\" fa fa-angle-right\" aria-hidden=\"true\"><\/i><\/span><\/a><\/div><div class=\"fusion-clearfix\"><\/div><\/div><\/div><div class=\"fusion-layout-column fusion_builder_column fusion-builder-column-1 fusion_builder_column_1_2 1_2 fusion-one-half fusion-column-last\" style=\"width:48%;margin-top:0px;margin-bottom:20px;\"><div class=\"fusion-column-wrapper fusion-flex-column-wrapper-legacy\" style=\"background-position:left top;background-repeat:no-repeat;-webkit-background-size:cover;-moz-background-size:cover;-o-background-size:cover;background-size:cover;background-color:#ffffff;border-width: 1px 1px 1px 1px;border-color:#ebeef1;border-style:solid;padding: 40px 40px 40px 40px;\"><div class=\"imageframe-align-center\"><div class=\"awb-image-frame awb-image-frame-1 imageframe-liftup\"><span class=\" fusion-imageframe imageframe-dropshadow imageframe-1\" style=\"border:13px solid #ffffff;-webkit-box-shadow: 3px 3px 7px rgba(0,0,0,0.3);box-shadow: 3px 3px 7px rgba(0,0,0,0.3);\"><img decoding=\"async\" width=\"450\" height=\"300\" title=\"cappucino\" src=\"https:\/\/hotelsispins.com\/wp-content\/uploads\/2019\/09\/cappucino.jpg\" alt class=\"img-responsive wp-image-2861\" srcset=\"https:\/\/hotelsispins.com\/wp-content\/uploads\/2019\/09\/cappucino-200x133.jpg 200w, https:\/\/hotelsispins.com\/wp-content\/uploads\/2019\/09\/cappucino-400x267.jpg 400w, https:\/\/hotelsispins.com\/wp-content\/uploads\/2019\/09\/cappucino.jpg 450w\" sizes=\"(max-width: 800px) 100vw, 450px\" \/><\/span><\/div><\/div><div class=\"imageframe-align-center\"><div class=\"awb-image-frame awb-image-frame-2 imageframe-liftup\"><span class=\" fusion-imageframe imageframe-dropshadow imageframe-2\" style=\"border:13px solid #ffffff;-webkit-box-shadow: 3px 3px 7px rgba(0,0,0,0.3);box-shadow: 3px 3px 7px rgba(0,0,0,0.3);\"><img decoding=\"async\" width=\"1920\" height=\"1080\" title=\"IMG_4238_39_40_41_42\" src=\"https:\/\/hotelsispins.com\/wp-content\/uploads\/2020\/05\/IMG_4238_39_40_41_42.jpg\" alt class=\"img-responsive wp-image-2866\" srcset=\"https:\/\/hotelsispins.com\/wp-content\/uploads\/2020\/05\/IMG_4238_39_40_41_42-200x113.jpg 200w, https:\/\/hotelsispins.com\/wp-content\/uploads\/2020\/05\/IMG_4238_39_40_41_42-400x225.jpg 400w, https:\/\/hotelsispins.com\/wp-content\/uploads\/2020\/05\/IMG_4238_39_40_41_42-600x338.jpg 600w, https:\/\/hotelsispins.com\/wp-content\/uploads\/2020\/05\/IMG_4238_39_40_41_42-800x450.jpg 800w, https:\/\/hotelsispins.com\/wp-content\/uploads\/2020\/05\/IMG_4238_39_40_41_42-1200x675.jpg 1200w, https:\/\/hotelsispins.com\/wp-content\/uploads\/2020\/05\/IMG_4238_39_40_41_42.jpg 1920w\" sizes=\"(max-width: 800px) 100vw, 1920px\" \/><\/span><\/div><\/div><div class=\"imageframe-align-center\"><style>.fusion-imageframe.imageframe-3 img{aspect-ratio:1 \/ 1;}<\/style><div class=\"awb-image-frame awb-image-frame-3 imageframe-liftup liftup-with-aspect-ratio\"><span class=\" fusion-imageframe imageframe-dropshadow imageframe-3 has-aspect-ratio\" style=\"border:13px solid #ffffff;-webkit-box-shadow: 3px 3px 7px rgba(0,0,0,0.3);box-shadow: 3px 3px 7px rgba(0,0,0,0.3);\"><img decoding=\"async\" width=\"300\" height=\"200\" title=\"Sis Pins Aug 22 (12)\" src=\"https:\/\/hotelsispins.com\/wp-content\/uploads\/2023\/03\/Sis-Pins-Aug-22-12-300x200.jpg\" class=\"img-responsive wp-image-2895 img-with-aspect-ratio\" alt srcset=\"https:\/\/hotelsispins.com\/wp-content\/uploads\/2023\/03\/Sis-Pins-Aug-22-12-200x133.jpg 200w, https:\/\/hotelsispins.com\/wp-content\/uploads\/2023\/03\/Sis-Pins-Aug-22-12-400x267.jpg 400w, https:\/\/hotelsispins.com\/wp-content\/uploads\/2023\/03\/Sis-Pins-Aug-22-12-600x400.jpg 600w, https:\/\/hotelsispins.com\/wp-content\/uploads\/2023\/03\/Sis-Pins-Aug-22-12-800x533.jpg 800w, https:\/\/hotelsispins.com\/wp-content\/uploads\/2023\/03\/Sis-Pins-Aug-22-12-1200x800.jpg 1200w\" sizes=\"(max-width: 800px) 100vw, 600px\" \/><\/span><\/div><\/div><div class=\"imageframe-align-center\"><style>.fusion-imageframe.imageframe-4 img{aspect-ratio:1 \/ 1;}<\/style><div class=\"awb-image-frame awb-image-frame-4 imageframe-liftup liftup-with-aspect-ratio\"><span class=\" fusion-imageframe imageframe-dropshadow imageframe-4 has-aspect-ratio\" style=\"border:13px solid #ffffff;-webkit-box-shadow: 3px 3px 7px rgba(0,0,0,0.3);box-shadow: 3px 3px 7px rgba(0,0,0,0.3);\"><img decoding=\"async\" width=\"300\" height=\"200\" title=\"Sis Pins Aug 22 (10)\" src=\"https:\/\/hotelsispins.com\/wp-content\/uploads\/2023\/03\/Sis-Pins-Aug-22-10-300x200.jpg\" class=\"img-responsive wp-image-2893 img-with-aspect-ratio\" alt srcset=\"https:\/\/hotelsispins.com\/wp-content\/uploads\/2023\/03\/Sis-Pins-Aug-22-10-200x133.jpg 200w, https:\/\/hotelsispins.com\/wp-content\/uploads\/2023\/03\/Sis-Pins-Aug-22-10-400x267.jpg 400w, https:\/\/hotelsispins.com\/wp-content\/uploads\/2023\/03\/Sis-Pins-Aug-22-10-600x400.jpg 600w, https:\/\/hotelsispins.com\/wp-content\/uploads\/2023\/03\/Sis-Pins-Aug-22-10-800x533.jpg 800w, https:\/\/hotelsispins.com\/wp-content\/uploads\/2023\/03\/Sis-Pins-Aug-22-10-1200x800.jpg 1200w\" sizes=\"(max-width: 800px) 100vw, 600px\" \/><\/span><\/div><\/div><div class=\"imageframe-align-center\"><style>.fusion-imageframe.imageframe-5 img{aspect-ratio:1 \/ 1;}<\/style><div class=\"awb-image-frame awb-image-frame-5 imageframe-liftup liftup-with-aspect-ratio\"><span class=\" fusion-imageframe imageframe-dropshadow imageframe-5 has-aspect-ratio\" style=\"border:13px solid #ffffff;-webkit-box-shadow: 3px 3px 7px rgba(0,0,0,0.3);box-shadow: 3px 3px 7px rgba(0,0,0,0.3);\"><img decoding=\"async\" width=\"300\" height=\"200\" title=\"Sis Pins Aug 22 (5)\" src=\"https:\/\/hotelsispins.com\/wp-content\/uploads\/2023\/03\/Sis-Pins-Aug-22-5-300x200.jpg\" class=\"img-responsive wp-image-2888 img-with-aspect-ratio\" alt srcset=\"https:\/\/hotelsispins.com\/wp-content\/uploads\/2023\/03\/Sis-Pins-Aug-22-5-200x133.jpg 200w, https:\/\/hotelsispins.com\/wp-content\/uploads\/2023\/03\/Sis-Pins-Aug-22-5-400x267.jpg 400w, https:\/\/hotelsispins.com\/wp-content\/uploads\/2023\/03\/Sis-Pins-Aug-22-5-600x400.jpg 600w, https:\/\/hotelsispins.com\/wp-content\/uploads\/2023\/03\/Sis-Pins-Aug-22-5-800x533.jpg 800w, https:\/\/hotelsispins.com\/wp-content\/uploads\/2023\/03\/Sis-Pins-Aug-22-5-1200x800.jpg 1200w\" sizes=\"(max-width: 800px) 100vw, 600px\" \/><\/span><\/div><\/div><div class=\"imageframe-align-center\"><style>.fusion-imageframe.imageframe-6 img{aspect-ratio:1 \/ 1;}<\/style><div class=\"awb-image-frame awb-image-frame-6 imageframe-liftup liftup-with-aspect-ratio\"><span class=\" fusion-imageframe imageframe-dropshadow imageframe-6 has-aspect-ratio\" style=\"border:13px solid #ffffff;-webkit-box-shadow: 3px 3px 7px rgba(0,0,0,0.3);box-shadow: 3px 3px 7px rgba(0,0,0,0.3);\"><img decoding=\"async\" width=\"300\" height=\"200\" title=\"Sis Pins Aug 22 (24)\" src=\"https:\/\/hotelsispins.com\/wp-content\/uploads\/2023\/03\/Sis-Pins-Aug-22-24-300x200.jpg\" class=\"img-responsive wp-image-2907 img-with-aspect-ratio\" alt srcset=\"https:\/\/hotelsispins.com\/wp-content\/uploads\/2023\/03\/Sis-Pins-Aug-22-24-200x133.jpg 200w, https:\/\/hotelsispins.com\/wp-content\/uploads\/2023\/03\/Sis-Pins-Aug-22-24-400x267.jpg 400w, https:\/\/hotelsispins.com\/wp-content\/uploads\/2023\/03\/Sis-Pins-Aug-22-24-600x400.jpg 600w, https:\/\/hotelsispins.com\/wp-content\/uploads\/2023\/03\/Sis-Pins-Aug-22-24-800x533.jpg 800w, https:\/\/hotelsispins.com\/wp-content\/uploads\/2023\/03\/Sis-Pins-Aug-22-24-1200x800.jpg 1200w\" sizes=\"(max-width: 800px) 100vw, 600px\" \/><\/span><\/div><\/div><div class=\"fusion-clearfix\"><\/div><\/div><\/div><\/div><\/div><div class=\"fusion-fullwidth fullwidth-box fusion-builder-row-2 nonhundred-percent-fullwidth non-hundred-percent-height-scrolling fusion-equal-height-columns\" style=\"background-color: #f4f8fa;background-position: left top;background-repeat: no-repeat;padding-top:75px;padding-right:0px;padding-bottom:70px;padding-left:0px;margin-bottom: 0px;margin-top: 0px;border-width: 0px 0px 0px 0px;border-color:#eae9e9;border-style:solid;\" ><div class=\"fusion-builder-row fusion-row\"><div class=\"fusion-layout-column fusion_builder_column fusion-builder-column-2 fusion_builder_column_1_3 1_3 fusion-one-third fusion-column-first\" style=\"margin-top:0px;margin-bottom:20px;\"><div class=\"fusion-column-wrapper fusion-flex-column-wrapper-legacy fusion-empty-column-bg-image\" style=\"background-image: url(&#039;https:\/\/hotelsispins.com\/wp-content\/uploads\/2019\/09\/hotel-arch-600x400.jpg&#039;);background-position:right top;background-repeat:no-repeat;-webkit-background-size:cover;-moz-background-size:cover;-o-background-size:cover;background-size:cover;padding: 0px 0px 0px 0px;\" data-bg-url=\"https:\/\/hotelsispins.com\/wp-content\/uploads\/2019\/09\/hotel-arch-600x400.jpg\"><img decoding=\"async\" class=\"fusion-empty-dims-img-placeholder fusion-no-large-visibility\" src=\"data:image\/svg+xml,%3Csvg%20xmlns%3D%27http%3A%2F%2Fwww.w3.org%2F2000%2Fsvg%27%20width%3D%27600%27%20height%3D%27400%27%20viewBox%3D%270%200%20600%20400%27%3E%3Crect%20width%3D%27600%27%20height%3D%27400%27%20fill-opacity%3D%220%22%2F%3E%3C%2Fsvg%3E\"><div class=\"fusion-clearfix\"><\/div><\/div><\/div><div class=\"fusion-layout-column fusion_builder_column fusion-builder-column-3 fusion_builder_column_1_3 1_3 fusion-one-third\" style=\"margin-top:0px;margin-bottom:20px;\"><div class=\"fusion-column-wrapper fusion-flex-column-wrapper-legacy\" style=\"background-position:left top;background-repeat:no-repeat;-webkit-background-size:cover;-moz-background-size:cover;-o-background-size:cover;background-size:cover;background-color:#1d2939;padding: 40px 40px 40px 40px;\"><div class=\"fusion-text fusion-text-3\"><h5 style=\"color: #ffffff; text-align: center;\">\u00a0\u00ab\u00a1INCRE\u00cdBLE! Otra fant\u00e1stica estancia en Sis Pins &#8211; el hotel, el personal y la comida son incre\u00edbles\u00bb<\/h5>\n<h5 style=\"text-align: center;\"><span style=\"color: #cbaa5c; font-size: 13px; letter-spacing: 4px; line-height: 22px;\">THOMAS,\u00a0TRIPADVISOR.CO.UK\u00a0<\/span><\/h5>\n<\/div><div class=\"fusion-clearfix\"><\/div><\/div><\/div><div class=\"fusion-layout-column fusion_builder_column fusion-builder-column-4 fusion_builder_column_1_3 1_3 fusion-one-third fusion-column-last\" style=\"margin-top:0px;margin-bottom:20px;\"><div class=\"fusion-column-wrapper fusion-flex-column-wrapper-legacy fusion-empty-column-bg-image\" style=\"background-image: url(&#039;https:\/\/hotelsispins.com\/wp-content\/uploads\/2020\/05\/IMG_4383_4_5_6_7.jpg&#039;);background-position:left top;background-repeat:no-repeat;-webkit-background-size:cover;-moz-background-size:cover;-o-background-size:cover;background-size:cover;padding: 0px 0px 0px 0px;\" data-bg-url=\"https:\/\/hotelsispins.com\/wp-content\/uploads\/2020\/05\/IMG_4383_4_5_6_7.jpg\"><img decoding=\"async\" class=\"fusion-empty-dims-img-placeholder fusion-no-large-visibility\" src=\"data:image\/svg+xml,%3Csvg%20xmlns%3D%27http%3A%2F%2Fwww.w3.org%2F2000%2Fsvg%27%20width%3D%271920%27%20height%3D%271080%27%20viewBox%3D%270%200%201920%201080%27%3E%3Crect%20width%3D%271920%27%20height%3D%271080%27%20fill-opacity%3D%220%22%2F%3E%3C%2Fsvg%3E\"><div class=\"fusion-clearfix\"><\/div><\/div><\/div><\/div><\/div><div class=\"fusion-fullwidth fullwidth-box fusion-builder-row-3 hundred-percent-fullwidth non-hundred-percent-height-scrolling\" style=\"background-color: rgba(255,255,255,0);background-position: center center;background-repeat: no-repeat;padding-top:0px;padding-right:30px;padding-bottom:0px;padding-left:30px;margin-bottom: 45px;margin-top: 45px;border-width: 0px 0px 0px 0px;border-color:#eae9e9;border-style:solid;\" ><div class=\"fusion-builder-row fusion-row\"><div class=\"fusion-layout-column fusion_builder_column fusion-builder-column-5 fusion_builder_column_1_1 1_1 fusion-one-full fusion-column-first fusion-column-last fusion-column-no-min-height\" style=\"margin-top:0px;margin-bottom:0px;\"><div class=\"fusion-column-wrapper fusion-flex-column-wrapper-legacy\" style=\"background-position:left top;background-repeat:no-repeat;-webkit-background-size:cover;-moz-background-size:cover;-o-background-size:cover;background-size:cover;padding: 0px 0px 0px 0px;\"><div class=\"fusion-sep-clear\"><\/div><div class=\"fusion-separator fusion-full-width-sep\" style=\"margin-left: auto;margin-right: auto;width:100%;\"><\/div><div class=\"fusion-sep-clear\"><\/div><div class=\"fusion-clearfix\"><\/div><\/div><\/div><\/div><style type=\"text\/css\">.fusion-fullwidth.fusion-builder-row-3 { overflow:visible; }<\/style><\/div><\/p>\n","protected":false},"excerpt":{"rendered":"","protected":false},"author":1,"featured_media":0,"parent":0,"menu_order":0,"comment_status":"open","ping_status":"open","template":"100-width.php","meta":{"footnotes":""},"language":[],"yoast_head":"<!-- This site is optimized with the Yoast SEO plugin v23.8 - https:\/\/yoast.com\/wordpress\/plugins\/seo\/ -->\n<title>Concepto - Hotel Sis Pins - Puerto Pollensa Majorca<\/title>\n<meta name=\"description\" content=\"The management\u00a0and staff are very proud of the Sis Pins Hotel in Puerto Pollensa. We aim to be one of the great hotels in Majorca.\" \/>\n<meta name=\"robots\" content=\"index, follow, max-snippet:-1, max-image-preview:large, max-video-preview:-1\" \/>\n<link rel=\"canonical\" href=\"https:\/\/hotelsispins.com\/es\/concepto\/\" \/>\n<meta property=\"og:locale\" content=\"es_ES\" \/>\n<meta property=\"og:type\" content=\"article\" \/>\n<meta property=\"og:title\" content=\"Concepto - Hotel Sis Pins - Puerto Pollensa Majorca\" \/>\n<meta property=\"og:description\" content=\"The management\u00a0and staff are very proud of the Sis Pins Hotel in Puerto Pollensa. We aim to be one of the great hotels in Majorca.\" \/>\n<meta property=\"og:url\" content=\"https:\/\/hotelsispins.com\/es\/concepto\/\" \/>\n<meta property=\"og:site_name\" content=\"Hotel Sis Pins - Puerto Pollensa Majorca\" \/>\n<meta property=\"article:modified_time\" content=\"2023-07-12T08:32:29+00:00\" \/>\n<meta name=\"twitter:card\" content=\"summary_large_image\" \/>\n<meta name=\"twitter:label1\" content=\"Tiempo de lectura\" \/>\n\t<meta name=\"twitter:data1\" content=\"14 minutos\" \/>\n<script type=\"application\/ld+json\" class=\"yoast-schema-graph\">{\"@context\":\"https:\/\/schema.org\",\"@graph\":[{\"@type\":\"WebPage\",\"@id\":\"https:\/\/hotelsispins.com\/es\/concepto\/\",\"url\":\"https:\/\/hotelsispins.com\/es\/concepto\/\",\"name\":\"Concepto - Hotel Sis Pins - Puerto Pollensa Majorca\",\"isPartOf\":{\"@id\":\"https:\/\/hotelsispins.com\/es\/#website\"},\"datePublished\":\"2015-02-03T20:15:21+00:00\",\"dateModified\":\"2023-07-12T08:32:29+00:00\",\"description\":\"The management\u00a0and staff are very proud of the Sis Pins Hotel in Puerto Pollensa. We aim to be one of the great hotels in Majorca.\",\"breadcrumb\":{\"@id\":\"https:\/\/hotelsispins.com\/es\/concepto\/#breadcrumb\"},\"inLanguage\":\"es\",\"potentialAction\":[{\"@type\":\"ReadAction\",\"target\":[\"https:\/\/hotelsispins.com\/es\/concepto\/\"]}]},{\"@type\":\"BreadcrumbList\",\"@id\":\"https:\/\/hotelsispins.com\/es\/concepto\/#breadcrumb\",\"itemListElement\":[{\"@type\":\"ListItem\",\"position\":1,\"name\":\"Home\",\"item\":\"https:\/\/hotelsispins.com\/es\/\"},{\"@type\":\"ListItem\",\"position\":2,\"name\":\"Concepto\"}]},{\"@type\":\"WebSite\",\"@id\":\"https:\/\/hotelsispins.com\/es\/#website\",\"url\":\"https:\/\/hotelsispins.com\/es\/\",\"name\":\"Hotel Sis Pins - Puerto Pollensa Majorca\",\"description\":\"Looking for hotels in Majorca? Visit Hotel Sis Pins. Our Puerto Pollensa hotels are full of character, charm and metres away from the Mediterranean Sea\",\"publisher\":{\"@id\":\"https:\/\/hotelsispins.com\/es\/#organization\"},\"potentialAction\":[{\"@type\":\"SearchAction\",\"target\":{\"@type\":\"EntryPoint\",\"urlTemplate\":\"https:\/\/hotelsispins.com\/es\/?s={search_term_string}\"},\"query-input\":{\"@type\":\"PropertyValueSpecification\",\"valueRequired\":true,\"valueName\":\"search_term_string\"}}],\"inLanguage\":\"es\"},{\"@type\":\"Organization\",\"@id\":\"https:\/\/hotelsispins.com\/es\/#organization\",\"name\":\"Hotel Sis Pins\",\"url\":\"https:\/\/hotelsispins.com\/es\/\",\"logo\":{\"@type\":\"ImageObject\",\"inLanguage\":\"es\",\"@id\":\"https:\/\/hotelsispins.com\/es\/#\/schema\/logo\/image\/\",\"url\":\"https:\/\/hotelsispins.com\/wp-content\/uploads\/2017\/04\/Sis_Pins_Logo_CMYK_large.png\",\"contentUrl\":\"https:\/\/hotelsispins.com\/wp-content\/uploads\/2017\/04\/Sis_Pins_Logo_CMYK_large.png\",\"width\":\"3395\",\"height\":\"1299\",\"caption\":\"Hotel Sis Pins\"},\"image\":{\"@id\":\"https:\/\/hotelsispins.com\/es\/#\/schema\/logo\/image\/\"}}]}<\/script>\n<!-- \/ Yoast SEO plugin. -->","yoast_head_json":{"title":"Concepto - Hotel Sis Pins - Puerto Pollensa Majorca","description":"The management\u00a0and staff are very proud of the Sis Pins Hotel in Puerto Pollensa. We aim to be one of the great hotels in Majorca.","robots":{"index":"index","follow":"follow","max-snippet":"max-snippet:-1","max-image-preview":"max-image-preview:large","max-video-preview":"max-video-preview:-1"},"canonical":"https:\/\/hotelsispins.com\/es\/concepto\/","og_locale":"es_ES","og_type":"article","og_title":"Concepto - Hotel Sis Pins - Puerto Pollensa Majorca","og_description":"The management\u00a0and staff are very proud of the Sis Pins Hotel in Puerto Pollensa. We aim to be one of the great hotels in Majorca.","og_url":"https:\/\/hotelsispins.com\/es\/concepto\/","og_site_name":"Hotel Sis Pins - Puerto Pollensa Majorca","article_modified_time":"2023-07-12T08:32:29+00:00","twitter_card":"summary_large_image","twitter_misc":{"Tiempo de lectura":"14 minutos"},"schema":{"@context":"https:\/\/schema.org","@graph":[{"@type":"WebPage","@id":"https:\/\/hotelsispins.com\/es\/concepto\/","url":"https:\/\/hotelsispins.com\/es\/concepto\/","name":"Concepto - Hotel Sis Pins - Puerto Pollensa Majorca","isPartOf":{"@id":"https:\/\/hotelsispins.com\/es\/#website"},"datePublished":"2015-02-03T20:15:21+00:00","dateModified":"2023-07-12T08:32:29+00:00","description":"The management\u00a0and staff are very proud of the Sis Pins Hotel in Puerto Pollensa. We aim to be one of the great hotels in Majorca.","breadcrumb":{"@id":"https:\/\/hotelsispins.com\/es\/concepto\/#breadcrumb"},"inLanguage":"es","potentialAction":[{"@type":"ReadAction","target":["https:\/\/hotelsispins.com\/es\/concepto\/"]}]},{"@type":"BreadcrumbList","@id":"https:\/\/hotelsispins.com\/es\/concepto\/#breadcrumb","itemListElement":[{"@type":"ListItem","position":1,"name":"Home","item":"https:\/\/hotelsispins.com\/es\/"},{"@type":"ListItem","position":2,"name":"Concepto"}]},{"@type":"WebSite","@id":"https:\/\/hotelsispins.com\/es\/#website","url":"https:\/\/hotelsispins.com\/es\/","name":"Hotel Sis Pins - Puerto Pollensa Majorca","description":"Looking for hotels in Majorca? Visit Hotel Sis Pins. Our Puerto Pollensa hotels are full of character, charm and metres away from the Mediterranean Sea","publisher":{"@id":"https:\/\/hotelsispins.com\/es\/#organization"},"potentialAction":[{"@type":"SearchAction","target":{"@type":"EntryPoint","urlTemplate":"https:\/\/hotelsispins.com\/es\/?s={search_term_string}"},"query-input":{"@type":"PropertyValueSpecification","valueRequired":true,"valueName":"search_term_string"}}],"inLanguage":"es"},{"@type":"Organization","@id":"https:\/\/hotelsispins.com\/es\/#organization","name":"Hotel Sis Pins","url":"https:\/\/hotelsispins.com\/es\/","logo":{"@type":"ImageObject","inLanguage":"es","@id":"https:\/\/hotelsispins.com\/es\/#\/schema\/logo\/image\/","url":"https:\/\/hotelsispins.com\/wp-content\/uploads\/2017\/04\/Sis_Pins_Logo_CMYK_large.png","contentUrl":"https:\/\/hotelsispins.com\/wp-content\/uploads\/2017\/04\/Sis_Pins_Logo_CMYK_large.png","width":"3395","height":"1299","caption":"Hotel Sis Pins"},"image":{"@id":"https:\/\/hotelsispins.com\/es\/#\/schema\/logo\/image\/"}}]}},"_links":{"self":[{"href":"https:\/\/hotelsispins.com\/es\/wp-json\/wp\/v2\/pages\/2925"}],"collection":[{"href":"https:\/\/hotelsispins.com\/es\/wp-json\/wp\/v2\/pages"}],"about":[{"href":"https:\/\/hotelsispins.com\/es\/wp-json\/wp\/v2\/types\/page"}],"author":[{"embeddable":true,"href":"https:\/\/hotelsispins.com\/es\/wp-json\/wp\/v2\/users\/1"}],"replies":[{"embeddable":true,"href":"https:\/\/hotelsispins.com\/es\/wp-json\/wp\/v2\/comments?post=2925"}],"version-history":[{"count":3,"href":"https:\/\/hotelsispins.com\/es\/wp-json\/wp\/v2\/pages\/2925\/revisions"}],"predecessor-version":[{"id":2934,"href":"https:\/\/hotelsispins.com\/es\/wp-json\/wp\/v2\/pages\/2925\/revisions\/2934"}],"wp:attachment":[{"href":"https:\/\/hotelsispins.com\/es\/wp-json\/wp\/v2\/media?parent=2925"}],"wp:term":[{"taxonomy":"language","embeddable":true,"href":"https:\/\/hotelsispins.com\/es\/wp-json\/wp\/v2\/language?post=2925"}],"curies":[{"name":"wp","href":"https:\/\/api.w.org\/{rel}","templated":true}]}}