{"id":2928,"date":"2015-09-21T10:41:19","date_gmt":"2015-09-21T10:41:19","guid":{"rendered":"https:\/\/hotelsispins.com\/booking\/"},"modified":"2023-07-12T08:32:56","modified_gmt":"2023-07-12T08:32:56","slug":"reservas","status":"publish","type":"page","link":"https:\/\/hotelsispins.com\/es\/reservas\/","title":{"rendered":"Reservas"},"content":{"rendered":"<div class=\"fusion-fullwidth fullwidth-box fusion-builder-row-1 nonhundred-percent-fullwidth non-hundred-percent-height-scrolling\" style=\"background-color: rgba(255,255,255,0);background-position: left top;background-repeat: no-repeat;padding-top:10px;padding-right:0px;padding-bottom:20px;padding-left:0px;margin-bottom: 0px;margin-top: 0px;border-width: 0px 0px 0px 0px;border-color:#eae9e9;border-style:solid;\" ><div class=\"fusion-builder-row fusion-row\"><div class=\"fusion-layout-column fusion_builder_column fusion-builder-column-0 fusion_builder_column_1_1 1_1 fusion-one-full fusion-column-first fusion-column-last fusion-column-no-min-height\" style=\"margin-top:0px;margin-bottom:0px;\"><div class=\"fusion-column-wrapper fusion-flex-column-wrapper-legacy\" style=\"background-position:left top;background-repeat:no-repeat;-webkit-background-size:cover;-moz-background-size:cover;-o-background-size:cover;background-size:cover;padding: 0px 0px 0px 0px;\"><iframe src=\"https:\/\/www.astrohotelbooking.com\/bookingengine\/sispins\/form\/1\/en\/\" height=\"100%\" width=\"100%\"><\/iframe><div class=\"fusion-text fusion-text-1\"><p>El Hotel Sis Pins es verdaderamente uno de los mejores hoteles de Puerto Pollensa, Mallorca. Situado en primera l\u00ednea de playa, ofrecemos a nuestros hu\u00e9spedes una estancia verdaderamente relajante. Con una combinaci\u00f3n de decoraci\u00f3n encantadora, una ubicaci\u00f3n fabulosa, y una dedicaci\u00f3n al disfrute de los hu\u00e9spedes, nuestro hotel se diferencia de los muchos resorts de cadena que se encuentran en esta parte de la isla. Nada es demasiado para nuestro personal; siempre nos esforzaremos por hacer que su estancia sea lo m\u00e1s agradable posible.<\/p>\n<p>Nuestro hotel est\u00e1 situado en primera l\u00ednea de mar y convenientemente situado cerca de todos los servicios; estamos cerca del puerto deportivo, restaurantes y una gran variedad de tiendas, por lo que es la base perfecta para sus vacaciones en Mallorca. Ofrecemos una selecci\u00f3n de habitaciones con preciosas vistas al mar que no podr\u00e1 encontrar en muchos de los otros hoteles de Puerto Pollensa. Mallorca es un destino incre\u00edble, sin duda hay algo para que todos disfruten; se puede explorar el paisaje exuberante y el patrimonio de la maravillosa isla o simplemente relajarse en la playa o en el divino confort de nuestro hermoso hotel.<\/p>\n<p>Para hacer una reserva con nosotros, simplemente rellene el formulario de reserva y planifique su estancia en uno de los hoteles m\u00e1s impresionantes de Puerto Pollensa, Mallorca. Situado a s\u00f3lo 20 metros de la playa, estamos seguros de que pasar\u00e1 una estancia incre\u00edble con nosotros. Para m\u00e1s informaci\u00f3n sobre nuestras habitaciones vea abajo:<\/p>\n<h2><strong>Habitaciones<\/strong><\/h2>\n<ul>\n<li>Todas las habitaciones de nuestros hoteles son para dos personas y tienen dos camas individuales.<\/li>\n<li>Indique si necesita una cama doble<\/li>\n<li>Todas las habitaciones disponen de cuarto de ba\u00f1o, secador de pelo y art\u00edculos de tocador, caja fuerte, calefacci\u00f3n y aire acondicionado, nevera y menaje para preparar t\u00e9 y caf\u00e9.<\/li>\n<li>Hay wifi en todo el hotel &#8211; servicio de impresora disponible gratuitamente en recepci\u00f3n.<\/li>\n<li>Las toallas de playa del hotel est\u00e1n disponibles en la recepci\u00f3n.<\/li>\n<\/ul>\n<h2 class=\"p1\"><strong>Condiciones de reserva<\/strong><\/h2>\n<p class=\"p3\">Condiciones generales de reserva:<\/p>\n<p class=\"p3\">Las presentes Condiciones Generales de Reserva (en adelante Condiciones Generales) regular\u00e1n la relaci\u00f3n comercial que surja entre PINEWALK SL y el usuario o cliente como consecuencia de la contrataci\u00f3n realizada a trav\u00e9s de los formularios que PINEWALK SL pone a su disposici\u00f3n en su www.hotelsispins.com<\/p>\n<p class=\"p3\">La reserva a trav\u00e9s de las p\u00e1ginas web de PINEWALK SL implicar\u00e1 la aceptaci\u00f3n expresa, por parte del cliente o usuario de las p\u00e1ginas, de las presentes condiciones, as\u00ed como de las condiciones de uso establecidas para la navegaci\u00f3n del usuario por las p\u00e1ginas titularidad de PINEWALK, SL.<\/p>\n<p class=\"p3\">Estas condiciones se aplicar\u00e1n sin perjuicio de la aplicaci\u00f3n de la normativa legal aplicable en cada caso y est\u00e1n sujetas a Fuerza Mayor.<\/p>\n<p class=\"p3\">Las Condiciones Generales regulan la relaci\u00f3n de venta a distancia entre PINEWALK SL y el usuario o cliente, de conformidad con las disposiciones legales, en particular la Ley 7\/1998, de 13 de abril, sobre Condiciones Generales, la Ley 3\/2014, de 27 de marzo, por la que se modifica el texto refundido de la Ley General para la Defensa de los Consumidores y Usuarios, la Ley Org\u00e1nica 15\/1999, de 13 de diciembre, de Protecci\u00f3n de Datos de Car\u00e1cter Personal, la Ley 7\/1996, de 15 de enero, de Ordenaci\u00f3n del Comercio Minorista, y la Ley 34\/2002, de 11 de julio, de Servicios de la Sociedad de la Informaci\u00f3n y de Comercio Electr\u00f3nico.<\/p>\n<p class=\"p3\">PINEWALK SL se reserva el derecho a realizar las modificaciones que considere oportunas, sin aviso previo, en las Condiciones Generales. Dichas modificaciones podr\u00e1n realizarse, a trav\u00e9s de su sitio web, por cualquier forma admisible en derecho y ser\u00e1n de obligado cumplimiento durante el tiempo en que se encuentren publicadas en la web y hasta que no sean modificadas v\u00e1lidamente por otras posteriores. No obstante, PINEWALK SL se reserva el derecho de aplicar, en determinados casos, unas Condiciones Particulares de Contrataci\u00f3n con preferencia a las presentes Condiciones Generales cuando lo considere oportuno, lo que deber\u00e1 anunciar en tiempo y forma oportunos.<\/p>\n<p class=\"p3\">Informaci\u00f3n previa a la reserva PINEWALK SL informa que el procedimiento de reserva a trav\u00e9s de su p\u00e1gina web se detalla en el apartado correspondiente para la realizaci\u00f3n de una reserva.<\/p>\n<p class=\"p3\">Asimismo, PINEWALK SL informa que el usuario podr\u00e1 tener acceso a las condiciones de uso disponibles en el mismo sitio web.<\/p>\n<p class=\"p3\">Al reservar con PINEWALK SL a trav\u00e9s de su sitio web, el usuario o cliente declara expresamente conocer, entender y aceptar las presentes condiciones de uso y las Condiciones Generales. Del mismo modo, el usuario declara ser mayor de edad y tener la capacidad jur\u00eddica y de obrar necesarias para el acceso y contrataci\u00f3n a trav\u00e9s de los sitios web de P I N E W A L K S L. El usuario es responsable de tratar confidencial y responsablemente la identidad y contrase\u00f1a obtenidas en el registro como cliente, no pudiendo cederlas a nadie m\u00e1s. Una vez finalizada la reserva, el usuario ver\u00e1 en pantalla la confirmaci\u00f3n de su reserva, pudiendo imprimirla como justificante de la reserva efectuada.<\/p>\n<p class=\"p3\">La confirmaci\u00f3n de reserva y la prueba de reserva (impresi\u00f3n realizada por el usuario) no tendr\u00e1n validez como factura.<\/p>\n<p class=\"p3\">Ofertas de reserva y referencia de precios En cumplimiento de la legislaci\u00f3n vigente y, en particular, de la Ley 34\/2002 de servicios de la sociedad de la informaci\u00f3n y de comercio electr\u00f3nico, PINEWALK SL ofrece informaci\u00f3n sobre todas las posibles reservas, sus caracter\u00edsticas y precios en el apartado correspondiente para la realizaci\u00f3n de una reserva.<\/p>\n<p class=\"p3\">No obstante, PINEWALK SL se reserva el derecho a retirar, reponer o cambiar las ofertas que se ofrecen a sus clientes a trav\u00e9s de su p\u00e1gina web, mediante el simple cambio en el contenido de las mismas. De este modo, los productos y\/o servicios ofrecidos en cada momento por el sitio web de PINEWALK SL se regir\u00e1n por las Condiciones Generales vigentes en cada momento. Asimismo, la empresa tendr\u00e1 derecho a dejar de ofrecer, sin previo aviso y en cualquier momento, el acceso a los productos y\/o servicios mencionados.<\/p>\n<h2 class=\"p3\"><strong>FUNCIONAMIENTO DE LA RESERVA DE ALOJAMIENTO<\/strong><\/h2>\n<p class=\"p3\"><strong>Indicaci\u00f3n de precios<\/strong><\/p>\n<p class=\"p3\">Cada posible reserva ofrecida tendr\u00e1 indicado su precio y si incorpora IVA. Los precios indicados en pantalla ser\u00e1n los vigentes en cada momento, salvo error tipogr\u00e1fico. Cuando el precio sea diferente por el motivo indicado, PINEWALK SL informar\u00e1 al cliente por correo electr\u00f3nico antes de proceder al cobro de la reserva.<\/p>\n<p class=\"p3\"><strong>Disponibilidad<\/strong><\/p>\n<p class=\"p3\">La disponibilidad de las ofertas ofrecidas por PINEWALK SL a trav\u00e9s de su p\u00e1gina web puede variar en funci\u00f3n de la demanda de los clientes. Aunque PINEWALK SL actualiza peri\u00f3dicamente la base de datos, la reserva solicitada por el cliente puede estar completa en ese momento. En tal caso, PINEWALK SL enviar\u00e1 un correo electr\u00f3nico al cliente y le informar\u00e1 de que la oferta no es posible por falta de disponibilidad.<\/p>\n<p class=\"p3\"><strong>Modalidades de pago<\/strong><\/p>\n<p class=\"p3\">PINEWALK SL solicita en las reservas a trav\u00e9s de su p\u00e1gina web los datos de una tarjeta de cr\u00e9dito, titular de la reserva, para garantizar la efectividad de la misma. Le recordamos que la empresa realiza un cargo en su tarjeta de cr\u00e9dito al efectuar dicha reserva. La empresa se reserva el derecho de comprobar la validez de la tarjeta de cr\u00e9dito antes de la llegada del cliente. La factura relativa a la reserva se abonar\u00e1 directamente en el hotel, ya sea en efectivo, con tarjeta de cr\u00e9dito o de cualquier otra forma aceptada por el hotel.<\/p>\n<p class=\"p3\"><strong>Cancelaci\u00f3n de la reserva<\/strong><\/p>\n<p class=\"p3\"><span lang=\"EN-US\">El dep\u00f3sito de reserva est\u00e1 sujeto a cancelaci\u00f3n de la siguiente manera:<\/span><\/p>\n<p class=\"p3\"><span lang=\"EN-US\">\u2013 Cancelaci\u00f3n hasta 30 d\u00edas antes de la entrada: se reembolsa el pago<\/span><\/p>\n<p class=\"p3\"><span lang=\"EN-US\">\u2013 Cancelaci\u00f3n entre 15 y 29 d\u00edas antes de la entrada: se reembolsa el 50% del pago<\/span><\/p>\n<p class=\"p3\"><span lang=\"EN-US\">\u2013 Cancelaci\u00f3n entre 14 y 0 d\u00edas antes de la entrada: el pago no es reembolsable<\/span><\/p>\n<p>FUERZA MAYOR. El Cliente no ser\u00e1 responsable de ninguna compensaci\u00f3n si el Hotel cancela el contrato por causas de fuerza mayor.<\/p>\n<h2 class=\"p3\"><strong>PROTECCI\u00d3N DE DATOS<\/strong><\/h2>\n<p class=\"p3\">De conformidad con lo que establece la Ley Org\u00e1nica 15\/1999 de Protecci\u00f3n de Datos de Car\u00e1cter Personal, PINEWALK SL informa a los usuarios de su sitio web que los datos personales recabados por la empresa mediante los formularios sitos en sus p\u00e1ginas, ser\u00e1n introducidos en un fichero bajo la responsabilidad de PINEWALK, SL, con la finalidad de poder facilitar, agilizar y cumplir los compromisos establecidos entre ambas partes. Asimismo, PINEWALK SL informa de la posibilidad de ejercitar los derechos de acceso, rectificaci\u00f3n, cancelaci\u00f3n y oposici\u00f3n mediante carta dirigida a la direcci\u00f3n PASSEIG ANGLADA CAMARASA 77 &#8211; 07470, PORT DE POLLEN\u00c7A (ILLES BALEARS).<\/p>\n<p class=\"p3\">Mientras no nos comunique lo contrario, entenderemos que sus datos no han sido modificados, que usted se compromete a notificarnos cualquier variaci\u00f3n y que tenemos el compromiso de contestar cuantas consultas estime oportunas y remitirle la informaci\u00f3n solicitada.<\/p>\n<p class=\"p3\"><strong>LEGISLACI\u00d3N Y JURISDICCI\u00d3N APLICABLES<\/strong><\/p>\n<p class=\"p3\">Asimismo, PINEWALK SL se reserva la facultad de presentar las acciones civiles o penales que considere oportunas por la utilizaci\u00f3n indebida de su sitio web y contenidos o por el incumplimiento de las presentes condiciones.<\/p>\n<p class=\"p3\">La relaci\u00f3n entre el usuario y el prestador se regir\u00e1 por la normativa vigente y de aplicaci\u00f3n en el territorio espa\u00f1ol. De surgir cualquier controversia las partes podr\u00e1n someter sus conflictos a arbitraje o acudir a la jurisdicci\u00f3n ordinaria cumpliendo con las normas de jurisdicci\u00f3n y competencia al respecto. PINEWALK SL tiene su domicilio social en ILLES BALEARS, Espa\u00f1a.<\/p>\n<h2><strong>P\u00f3ngase en contacto con nosotros<\/strong><\/h2>\n<p>Si desea m\u00e1s informaci\u00f3n, p\u00f3ngase en contacto con nosotros, estaremos encantados de ayudarle.<\/p>\n<\/div><div class=\"fusion-clearfix\"><\/div><\/div><\/div><\/div><\/div>\n","protected":false},"excerpt":{"rendered":"","protected":false},"author":1,"featured_media":0,"parent":0,"menu_order":0,"comment_status":"open","ping_status":"open","template":"","meta":{"footnotes":""},"language":[29],"yoast_head":"<!-- This site is optimized with the Yoast SEO plugin v23.8 - https:\/\/yoast.com\/wordpress\/plugins\/seo\/ -->\n<title>Reservas - Hotel Sis Pins - Puerto Pollensa Majorca<\/title>\n<meta name=\"description\" content=\"Book your holiday in Majorca direct with us to guarantee the best price. Hotel Sis Pins is rated one of the best Hotels in Puerto Pollensa.\" \/>\n<meta name=\"robots\" content=\"index, follow, max-snippet:-1, max-image-preview:large, max-video-preview:-1\" \/>\n<link rel=\"canonical\" href=\"https:\/\/hotelsispins.com\/es\/reservas\/\" \/>\n<meta property=\"og:locale\" content=\"es_ES\" \/>\n<meta property=\"og:type\" content=\"article\" \/>\n<meta property=\"og:title\" content=\"Reservas - Hotel Sis Pins - Puerto Pollensa Majorca\" \/>\n<meta property=\"og:description\" content=\"Book your holiday in Majorca direct with us to guarantee the best price. Hotel Sis Pins is rated one of the best Hotels in Puerto Pollensa.\" \/>\n<meta property=\"og:url\" content=\"https:\/\/hotelsispins.com\/es\/reservas\/\" \/>\n<meta property=\"og:site_name\" content=\"Hotel Sis Pins - Puerto Pollensa Majorca\" \/>\n<meta property=\"article:modified_time\" content=\"2023-07-12T08:32:56+00:00\" \/>\n<meta name=\"twitter:card\" content=\"summary_large_image\" \/>\n<meta name=\"twitter:label1\" content=\"Tiempo de lectura\" \/>\n\t<meta name=\"twitter:data1\" content=\"10 minutos\" \/>\n<script type=\"application\/ld+json\" class=\"yoast-schema-graph\">{\"@context\":\"https:\/\/schema.org\",\"@graph\":[{\"@type\":\"WebPage\",\"@id\":\"https:\/\/hotelsispins.com\/es\/reservas\/\",\"url\":\"https:\/\/hotelsispins.com\/es\/reservas\/\",\"name\":\"Reservas - Hotel Sis Pins - Puerto Pollensa Majorca\",\"isPartOf\":{\"@id\":\"https:\/\/hotelsispins.com\/es\/#website\"},\"datePublished\":\"2015-09-21T10:41:19+00:00\",\"dateModified\":\"2023-07-12T08:32:56+00:00\",\"description\":\"Book your holiday in Majorca direct with us to guarantee the best price. Hotel Sis Pins is rated one of the best Hotels in Puerto Pollensa.\",\"breadcrumb\":{\"@id\":\"https:\/\/hotelsispins.com\/es\/reservas\/#breadcrumb\"},\"inLanguage\":\"es\",\"potentialAction\":[{\"@type\":\"ReadAction\",\"target\":[\"https:\/\/hotelsispins.com\/es\/reservas\/\"]}]},{\"@type\":\"BreadcrumbList\",\"@id\":\"https:\/\/hotelsispins.com\/es\/reservas\/#breadcrumb\",\"itemListElement\":[{\"@type\":\"ListItem\",\"position\":1,\"name\":\"Home\",\"item\":\"https:\/\/hotelsispins.com\/es\/\"},{\"@type\":\"ListItem\",\"position\":2,\"name\":\"Reservas\"}]},{\"@type\":\"WebSite\",\"@id\":\"https:\/\/hotelsispins.com\/es\/#website\",\"url\":\"https:\/\/hotelsispins.com\/es\/\",\"name\":\"Hotel Sis Pins - Puerto Pollensa Majorca\",\"description\":\"Looking for hotels in Majorca? Visit Hotel Sis Pins. Our Puerto Pollensa hotels are full of character, charm and metres away from the Mediterranean Sea\",\"publisher\":{\"@id\":\"https:\/\/hotelsispins.com\/es\/#organization\"},\"potentialAction\":[{\"@type\":\"SearchAction\",\"target\":{\"@type\":\"EntryPoint\",\"urlTemplate\":\"https:\/\/hotelsispins.com\/es\/?s={search_term_string}\"},\"query-input\":{\"@type\":\"PropertyValueSpecification\",\"valueRequired\":true,\"valueName\":\"search_term_string\"}}],\"inLanguage\":\"es\"},{\"@type\":\"Organization\",\"@id\":\"https:\/\/hotelsispins.com\/es\/#organization\",\"name\":\"Hotel Sis Pins\",\"url\":\"https:\/\/hotelsispins.com\/es\/\",\"logo\":{\"@type\":\"ImageObject\",\"inLanguage\":\"es\",\"@id\":\"https:\/\/hotelsispins.com\/es\/#\/schema\/logo\/image\/\",\"url\":\"https:\/\/hotelsispins.com\/wp-content\/uploads\/2017\/04\/Sis_Pins_Logo_CMYK_large.png\",\"contentUrl\":\"https:\/\/hotelsispins.com\/wp-content\/uploads\/2017\/04\/Sis_Pins_Logo_CMYK_large.png\",\"width\":\"3395\",\"height\":\"1299\",\"caption\":\"Hotel Sis Pins\"},\"image\":{\"@id\":\"https:\/\/hotelsispins.com\/es\/#\/schema\/logo\/image\/\"}}]}<\/script>\n<!-- \/ Yoast SEO plugin. -->","yoast_head_json":{"title":"Reservas - Hotel Sis Pins - Puerto Pollensa Majorca","description":"Book your holiday in Majorca direct with us to guarantee the best price. Hotel Sis Pins is rated one of the best Hotels in Puerto Pollensa.","robots":{"index":"index","follow":"follow","max-snippet":"max-snippet:-1","max-image-preview":"max-image-preview:large","max-video-preview":"max-video-preview:-1"},"canonical":"https:\/\/hotelsispins.com\/es\/reservas\/","og_locale":"es_ES","og_type":"article","og_title":"Reservas - Hotel Sis Pins - Puerto Pollensa Majorca","og_description":"Book your holiday in Majorca direct with us to guarantee the best price. Hotel Sis Pins is rated one of the best Hotels in Puerto Pollensa.","og_url":"https:\/\/hotelsispins.com\/es\/reservas\/","og_site_name":"Hotel Sis Pins - Puerto Pollensa Majorca","article_modified_time":"2023-07-12T08:32:56+00:00","twitter_card":"summary_large_image","twitter_misc":{"Tiempo de lectura":"10 minutos"},"schema":{"@context":"https:\/\/schema.org","@graph":[{"@type":"WebPage","@id":"https:\/\/hotelsispins.com\/es\/reservas\/","url":"https:\/\/hotelsispins.com\/es\/reservas\/","name":"Reservas - Hotel Sis Pins - Puerto Pollensa Majorca","isPartOf":{"@id":"https:\/\/hotelsispins.com\/es\/#website"},"datePublished":"2015-09-21T10:41:19+00:00","dateModified":"2023-07-12T08:32:56+00:00","description":"Book your holiday in Majorca direct with us to guarantee the best price. Hotel Sis Pins is rated one of the best Hotels in Puerto Pollensa.","breadcrumb":{"@id":"https:\/\/hotelsispins.com\/es\/reservas\/#breadcrumb"},"inLanguage":"es","potentialAction":[{"@type":"ReadAction","target":["https:\/\/hotelsispins.com\/es\/reservas\/"]}]},{"@type":"BreadcrumbList","@id":"https:\/\/hotelsispins.com\/es\/reservas\/#breadcrumb","itemListElement":[{"@type":"ListItem","position":1,"name":"Home","item":"https:\/\/hotelsispins.com\/es\/"},{"@type":"ListItem","position":2,"name":"Reservas"}]},{"@type":"WebSite","@id":"https:\/\/hotelsispins.com\/es\/#website","url":"https:\/\/hotelsispins.com\/es\/","name":"Hotel Sis Pins - Puerto Pollensa Majorca","description":"Looking for hotels in Majorca? Visit Hotel Sis Pins. Our Puerto Pollensa hotels are full of character, charm and metres away from the Mediterranean Sea","publisher":{"@id":"https:\/\/hotelsispins.com\/es\/#organization"},"potentialAction":[{"@type":"SearchAction","target":{"@type":"EntryPoint","urlTemplate":"https:\/\/hotelsispins.com\/es\/?s={search_term_string}"},"query-input":{"@type":"PropertyValueSpecification","valueRequired":true,"valueName":"search_term_string"}}],"inLanguage":"es"},{"@type":"Organization","@id":"https:\/\/hotelsispins.com\/es\/#organization","name":"Hotel Sis Pins","url":"https:\/\/hotelsispins.com\/es\/","logo":{"@type":"ImageObject","inLanguage":"es","@id":"https:\/\/hotelsispins.com\/es\/#\/schema\/logo\/image\/","url":"https:\/\/hotelsispins.com\/wp-content\/uploads\/2017\/04\/Sis_Pins_Logo_CMYK_large.png","contentUrl":"https:\/\/hotelsispins.com\/wp-content\/uploads\/2017\/04\/Sis_Pins_Logo_CMYK_large.png","width":"3395","height":"1299","caption":"Hotel Sis Pins"},"image":{"@id":"https:\/\/hotelsispins.com\/es\/#\/schema\/logo\/image\/"}}]}},"_links":{"self":[{"href":"https:\/\/hotelsispins.com\/es\/wp-json\/wp\/v2\/pages\/2928"}],"collection":[{"href":"https:\/\/hotelsispins.com\/es\/wp-json\/wp\/v2\/pages"}],"about":[{"href":"https:\/\/hotelsispins.com\/es\/wp-json\/wp\/v2\/types\/page"}],"author":[{"embeddable":true,"href":"https:\/\/hotelsispins.com\/es\/wp-json\/wp\/v2\/users\/1"}],"replies":[{"embeddable":true,"href":"https:\/\/hotelsispins.com\/es\/wp-json\/wp\/v2\/comments?post=2928"}],"version-history":[{"count":3,"href":"https:\/\/hotelsispins.com\/es\/wp-json\/wp\/v2\/pages\/2928\/revisions"}],"predecessor-version":[{"id":2935,"href":"https:\/\/hotelsispins.com\/es\/wp-json\/wp\/v2\/pages\/2928\/revisions\/2935"}],"wp:attachment":[{"href":"https:\/\/hotelsispins.com\/es\/wp-json\/wp\/v2\/media?parent=2928"}],"wp:term":[{"taxonomy":"language","embeddable":true,"href":"https:\/\/hotelsispins.com\/es\/wp-json\/wp\/v2\/language?post=2928"}],"curies":[{"name":"wp","href":"https:\/\/api.w.org\/{rel}","templated":true}]}}