{"id":2931,"date":"2015-09-24T20:58:59","date_gmt":"2015-09-24T20:58:59","guid":{"rendered":"https:\/\/hotelsispins.com\/cycling\/"},"modified":"2023-07-12T08:32:07","modified_gmt":"2023-07-12T08:32:07","slug":"ciclismo","status":"publish","type":"page","link":"https:\/\/hotelsispins.com\/es\/ciclismo\/","title":{"rendered":"Ciclismo"},"content":{"rendered":"<p><div class=\"fusion-fullwidth fullwidth-box fusion-builder-row-1 nonhundred-percent-fullwidth non-hundred-percent-height-scrolling\" style=\"background-color: rgba(255,255,255,0);background-position: left top;background-repeat: no-repeat;padding-top:20px;padding-right:0px;padding-bottom:20px;padding-left:0px;margin-bottom: 0px;margin-top: 0px;border-width: 0px 0px 0px 0px;border-color:#eae9e9;border-style:solid;\" ><div class=\"fusion-builder-row fusion-row\"><div class=\"fusion-layout-column fusion_builder_column fusion-builder-column-0 fusion_builder_column_1_1 1_1 fusion-one-full fusion-column-first fusion-column-last fusion-column-no-min-height\" style=\"margin-top:0px;margin-bottom:0px;\"><div class=\"fusion-column-wrapper fusion-flex-column-wrapper-legacy\" style=\"background-position:left top;background-repeat:no-repeat;-webkit-background-size:cover;-moz-background-size:cover;-o-background-size:cover;background-size:cover;padding: 0px 0px 0px 0px;\"><div class=\"fusion-text fusion-text-1\"><h1><strong>Ciclismo en<\/strong>\u00a0Mallorca<\/h1>\n<p>Si es un ciclista entusiasta o simplemente quiere dar un paseo en bicicleta para ver los lugares de inter\u00e9s, Mallorca es uno de los mejores lugares para practicar ciclismo durante sus vacaciones en Espa\u00f1a.<\/p>\n<h2>\u00a0<\/h2>\n<\/div><div class=\"fusion-clearfix\"><\/div><\/div><\/div><\/div><\/div><div class=\"fusion-fullwidth fullwidth-box fusion-builder-row-2 nonhundred-percent-fullwidth non-hundred-percent-height-scrolling fusion-equal-height-columns\" style=\"background-color: rgba(255,255,255,0);background-position: center center;background-repeat: no-repeat;padding-top:0px;padding-right:0px;padding-bottom:0px;padding-left:0px;margin-bottom: 0px;margin-top: 0px;border-width: 0px 0px 0px 0px;border-color:#eae9e9;border-style:solid;\" ><div class=\"fusion-builder-row fusion-row\"><div class=\"fusion-layout-column fusion_builder_column fusion-builder-column-1 fusion_builder_column_1_2 1_2 fusion-one-half fusion-column-first\" style=\"width:50%;width:calc(50% - ( ( 4% ) * 0.5 ) );margin-right: 4%;margin-top:0px;margin-bottom:20px;\"><div class=\"fusion-column-wrapper fusion-flex-column-wrapper-legacy\" style=\"background-position:left top;background-repeat:no-repeat;-webkit-background-size:cover;-moz-background-size:cover;-o-background-size:cover;background-size:cover;padding: 0px 0px 0px 0px;\"><span class=\" fusion-imageframe imageframe-none imageframe-1 hover-type-none\"><img decoding=\"async\" width=\"1600\" height=\"1200\" title=\"IMG_7776\" src=\"http:\/\/hotelsispins.com\/wp-content\/uploads\/2015\/09\/IMG_7776.jpg\" alt class=\"img-responsive wp-image-2794\" srcset=\"https:\/\/hotelsispins.com\/wp-content\/uploads\/2015\/09\/IMG_7776-200x150.jpg 200w, https:\/\/hotelsispins.com\/wp-content\/uploads\/2015\/09\/IMG_7776-400x300.jpg 400w, https:\/\/hotelsispins.com\/wp-content\/uploads\/2015\/09\/IMG_7776-600x450.jpg 600w, https:\/\/hotelsispins.com\/wp-content\/uploads\/2015\/09\/IMG_7776-800x600.jpg 800w, https:\/\/hotelsispins.com\/wp-content\/uploads\/2015\/09\/IMG_7776-1200x900.jpg 1200w, https:\/\/hotelsispins.com\/wp-content\/uploads\/2015\/09\/IMG_7776.jpg 1600w\" sizes=\"(max-width: 800px) 100vw, 600px\" \/><\/span><div class=\"fusion-clearfix\"><\/div><\/div><\/div><div class=\"fusion-layout-column fusion_builder_column fusion-builder-column-2 fusion_builder_column_1_2 1_2 fusion-one-half fusion-column-last\" style=\"width:50%;width:calc(50% - ( ( 4% ) * 0.5 ) );margin-top:0px;margin-bottom:20px;\"><div class=\"fusion-column-wrapper fusion-flex-column-wrapper-legacy\" style=\"background-position:left top;background-repeat:no-repeat;-webkit-background-size:cover;-moz-background-size:cover;-o-background-size:cover;background-size:cover;padding: 0px 0px 0px 0px;\"><div class=\"fusion-text fusion-text-2\"><h2><strong>\u00bfPor qu\u00e9 Mallorca es el destino perfecto para practicar ciclismo?<\/strong><\/h2>\n<p>Hay una amplia red de carreteras de 1.250 km, de los cuales 675 km son carreteras locales y secundarias con una anchura media de 6,5 m.<\/p>\n<p>Muchos ciclistas profesionales visitan Mallorca en invierno, ya que las condiciones son ideales para entrenar.<\/p>\n<p>La combinaci\u00f3n de terreno llano, colinas onduladas, largas subidas, un hermoso paisaje, un bajo volumen de tr\u00e1fico y unas condiciones perfectas de las carreteras la convierten en un lugar id\u00f3neo para todos los ciclistas.<\/p>\n<\/div><div class=\"fusion-clearfix\"><\/div><\/div><\/div><\/div><\/div><div class=\"fusion-fullwidth fullwidth-box fusion-builder-row-3 nonhundred-percent-fullwidth non-hundred-percent-height-scrolling fusion-equal-height-columns\" style=\"background-color: rgba(255,255,255,0);background-position: center center;background-repeat: no-repeat;padding-top:0px;padding-right:0px;padding-bottom:0px;padding-left:0px;margin-bottom: 0px;margin-top: 0px;border-width: 0px 0px 0px 0px;border-color:#eae9e9;border-style:solid;\" ><div class=\"fusion-builder-row fusion-row\"><div class=\"fusion-layout-column fusion_builder_column fusion-builder-column-3 fusion_builder_column_1_2 1_2 fusion-one-half fusion-column-first\" style=\"width:50%;width:calc(50% - ( ( 4% ) * 0.5 ) );margin-right: 4%;margin-top:0px;margin-bottom:20px;\"><div class=\"fusion-column-wrapper fusion-flex-column-wrapper-legacy\" style=\"background-position:left top;background-repeat:no-repeat;-webkit-background-size:cover;-moz-background-size:cover;-o-background-size:cover;background-size:cover;padding: 0px 0px 0px 0px;\"><span class=\" fusion-imageframe imageframe-none imageframe-2 hover-type-none\"><img decoding=\"async\" width=\"2560\" height=\"1920\" title=\"IMG_6471\" src=\"https:\/\/hotelsispins.com\/wp-content\/uploads\/2020\/06\/IMG_6471-scaled.jpeg\" alt class=\"img-responsive wp-image-2869\" srcset=\"https:\/\/hotelsispins.com\/wp-content\/uploads\/2020\/06\/IMG_6471-200x150.jpeg 200w, https:\/\/hotelsispins.com\/wp-content\/uploads\/2020\/06\/IMG_6471-400x300.jpeg 400w, https:\/\/hotelsispins.com\/wp-content\/uploads\/2020\/06\/IMG_6471-600x450.jpeg 600w, https:\/\/hotelsispins.com\/wp-content\/uploads\/2020\/06\/IMG_6471-800x600.jpeg 800w, https:\/\/hotelsispins.com\/wp-content\/uploads\/2020\/06\/IMG_6471-1200x900.jpeg 1200w, https:\/\/hotelsispins.com\/wp-content\/uploads\/2020\/06\/IMG_6471-scaled.jpeg 2560w\" sizes=\"(max-width: 800px) 100vw, 2560px\" \/><\/span><div class=\"fusion-clearfix\"><\/div><\/div><\/div><div class=\"fusion-layout-column fusion_builder_column fusion-builder-column-4 fusion_builder_column_1_2 1_2 fusion-one-half fusion-column-last\" style=\"width:50%;width:calc(50% - ( ( 4% ) * 0.5 ) );margin-top:0px;margin-bottom:20px;\"><div class=\"fusion-column-wrapper fusion-flex-column-wrapper-legacy\" style=\"background-position:left top;background-repeat:no-repeat;-webkit-background-size:cover;-moz-background-size:cover;-o-background-size:cover;background-size:cover;padding: 0px 0px 0px 0px;\"><div class=\"fusion-text fusion-text-3\"><h2 data-fontsize=\"26\" data-lineheight=\"43\"><strong>\u00bfCu\u00e1les son las ventajas de alojarse en el Hotel Sis Pins para un ciclista apasionado?<\/strong><\/h2>\n<p>Una de las mejores caracter\u00edsticas del Hotel Sis Pins es su ubicaci\u00f3n, ya que el Puerto de Pollensa se encuentra en el centro de la principal zona ciclista. El hotel est\u00e1 situado cerca de muchas rutas, incluyendo largas carreteras llanas, subidas de monta\u00f1a, colinas y tambi\u00e9n muchas de las carreteras secundarias.<\/p>\n<p>Las carreteras secundarias son ideales para los ciclistas, ya que por ellas pasa una cantidad limitada de tr\u00e1fico, lo que garantiza la seguridad del ciclista.<\/p>\n<p>Tanto si le gustan las rutas cortas, visitando varios pueblos separados por 10- 15 km, como si prefiere las rutas m\u00e1s largas, de 150-200 km, Mallorca tiene rutas ciclistas para todos los gustos.<\/p>\n<\/div><div class=\"fusion-clearfix\"><\/div><\/div><\/div><\/div><\/div><div class=\"fusion-fullwidth fullwidth-box fusion-builder-row-4 nonhundred-percent-fullwidth non-hundred-percent-height-scrolling fusion-equal-height-columns\" style=\"background-color: rgba(255,255,255,0);background-position: center center;background-repeat: no-repeat;padding-top:0px;padding-right:0px;padding-bottom:0px;padding-left:0px;margin-bottom: 0px;margin-top: 0px;border-width: 0px 0px 0px 0px;border-color:#eae9e9;border-style:solid;\" ><div class=\"fusion-builder-row fusion-row\"><div class=\"fusion-layout-column fusion_builder_column fusion-builder-column-5 fusion_builder_column_1_2 1_2 fusion-one-half fusion-column-first\" style=\"width:50%;width:calc(50% - ( ( 4% ) * 0.5 ) );margin-right: 4%;margin-top:0px;margin-bottom:20px;\"><div class=\"fusion-column-wrapper fusion-flex-column-wrapper-legacy\" style=\"background-position:left top;background-repeat:no-repeat;-webkit-background-size:cover;-moz-background-size:cover;-o-background-size:cover;background-size:cover;padding: 0px 0px 0px 0px;\"><span class=\" fusion-imageframe imageframe-none imageframe-3 hover-type-none\"><img decoding=\"async\" width=\"2560\" height=\"1920\" title=\"IMG_7273\" src=\"https:\/\/hotelsispins.com\/wp-content\/uploads\/2020\/06\/IMG_7273-scaled.jpeg\" alt class=\"img-responsive wp-image-2868\" srcset=\"https:\/\/hotelsispins.com\/wp-content\/uploads\/2020\/06\/IMG_7273-200x150.jpeg 200w, https:\/\/hotelsispins.com\/wp-content\/uploads\/2020\/06\/IMG_7273-400x300.jpeg 400w, https:\/\/hotelsispins.com\/wp-content\/uploads\/2020\/06\/IMG_7273-600x450.jpeg 600w, https:\/\/hotelsispins.com\/wp-content\/uploads\/2020\/06\/IMG_7273-800x600.jpeg 800w, https:\/\/hotelsispins.com\/wp-content\/uploads\/2020\/06\/IMG_7273-1200x900.jpeg 1200w, https:\/\/hotelsispins.com\/wp-content\/uploads\/2020\/06\/IMG_7273-scaled.jpeg 2560w\" sizes=\"(max-width: 800px) 100vw, 2560px\" \/><\/span><div class=\"fusion-clearfix\"><\/div><\/div><\/div><div class=\"fusion-layout-column fusion_builder_column fusion-builder-column-6 fusion_builder_column_1_2 1_2 fusion-one-half fusion-column-last\" style=\"width:50%;width:calc(50% - ( ( 4% ) * 0.5 ) );margin-top:0px;margin-bottom:20px;\"><div class=\"fusion-column-wrapper fusion-flex-column-wrapper-legacy\" style=\"background-position:left top;background-repeat:no-repeat;-webkit-background-size:cover;-moz-background-size:cover;-o-background-size:cover;background-size:cover;padding: 0px 0px 0px 0px;\"><div class=\"fusion-text fusion-text-4\"><h2 data-fontsize=\"26\" data-lineheight=\"43\"><strong>When is the best time to book a cycling holiday in Majorca?<\/strong><\/h2>\n<p>The weather in Mallorca is perfect for cyclists as it barely rains and there is also a mild temperature during the months of September to October and January to May.<\/p>\n<p>Mallorca is a well known destination for cyclists for winter and early spring cycling, yet the resort surrounding Hotel Sis Pins is never too overcrowded and gives many cyclists the opportunity to view the beauty of the island.<\/p>\n<p>If you are looking for the perfect climate, terrain, a number of high-quality routes and undisputed road safety, head to Mallorca and discover this magnificent cycling location.<\/p>\n<\/div><div class=\"fusion-clearfix\"><\/div><\/div><\/div><\/div><\/div><\/p>\n","protected":false},"excerpt":{"rendered":"","protected":false},"author":1,"featured_media":0,"parent":0,"menu_order":0,"comment_status":"closed","ping_status":"closed","template":"","meta":{"footnotes":""},"language":[],"yoast_head":"<!-- This site is optimized with the Yoast SEO plugin v23.8 - https:\/\/yoast.com\/wordpress\/plugins\/seo\/ -->\n<title>Ciclismo - Hotel Sis Pins - Puerto Pollensa Majorca<\/title>\n<meta name=\"robots\" content=\"index, follow, max-snippet:-1, max-image-preview:large, max-video-preview:-1\" \/>\n<link rel=\"canonical\" href=\"https:\/\/hotelsispins.com\/es\/ciclismo\/\" \/>\n<meta property=\"og:locale\" content=\"es_ES\" \/>\n<meta property=\"og:type\" content=\"article\" \/>\n<meta property=\"og:title\" content=\"Ciclismo - Hotel Sis Pins - Puerto Pollensa Majorca\" \/>\n<meta property=\"og:url\" content=\"https:\/\/hotelsispins.com\/es\/ciclismo\/\" \/>\n<meta property=\"og:site_name\" content=\"Hotel Sis Pins - Puerto Pollensa Majorca\" \/>\n<meta property=\"article:modified_time\" content=\"2023-07-12T08:32:07+00:00\" \/>\n<meta name=\"twitter:card\" content=\"summary_large_image\" \/>\n<meta name=\"twitter:label1\" content=\"Tiempo de lectura\" \/>\n\t<meta name=\"twitter:data1\" content=\"9 minutos\" \/>\n<script type=\"application\/ld+json\" class=\"yoast-schema-graph\">{\"@context\":\"https:\/\/schema.org\",\"@graph\":[{\"@type\":\"WebPage\",\"@id\":\"https:\/\/hotelsispins.com\/es\/ciclismo\/\",\"url\":\"https:\/\/hotelsispins.com\/es\/ciclismo\/\",\"name\":\"Ciclismo - Hotel Sis Pins - Puerto Pollensa Majorca\",\"isPartOf\":{\"@id\":\"https:\/\/hotelsispins.com\/es\/#website\"},\"datePublished\":\"2015-09-24T20:58:59+00:00\",\"dateModified\":\"2023-07-12T08:32:07+00:00\",\"breadcrumb\":{\"@id\":\"https:\/\/hotelsispins.com\/es\/ciclismo\/#breadcrumb\"},\"inLanguage\":\"es\",\"potentialAction\":[{\"@type\":\"ReadAction\",\"target\":[\"https:\/\/hotelsispins.com\/es\/ciclismo\/\"]}]},{\"@type\":\"BreadcrumbList\",\"@id\":\"https:\/\/hotelsispins.com\/es\/ciclismo\/#breadcrumb\",\"itemListElement\":[{\"@type\":\"ListItem\",\"position\":1,\"name\":\"Home\",\"item\":\"https:\/\/hotelsispins.com\/es\/\"},{\"@type\":\"ListItem\",\"position\":2,\"name\":\"Ciclismo\"}]},{\"@type\":\"WebSite\",\"@id\":\"https:\/\/hotelsispins.com\/es\/#website\",\"url\":\"https:\/\/hotelsispins.com\/es\/\",\"name\":\"Hotel Sis Pins - Puerto Pollensa Majorca\",\"description\":\"Looking for hotels in Majorca? Visit Hotel Sis Pins. Our Puerto Pollensa hotels are full of character, charm and metres away from the Mediterranean Sea\",\"publisher\":{\"@id\":\"https:\/\/hotelsispins.com\/es\/#organization\"},\"potentialAction\":[{\"@type\":\"SearchAction\",\"target\":{\"@type\":\"EntryPoint\",\"urlTemplate\":\"https:\/\/hotelsispins.com\/es\/?s={search_term_string}\"},\"query-input\":{\"@type\":\"PropertyValueSpecification\",\"valueRequired\":true,\"valueName\":\"search_term_string\"}}],\"inLanguage\":\"es\"},{\"@type\":\"Organization\",\"@id\":\"https:\/\/hotelsispins.com\/es\/#organization\",\"name\":\"Hotel Sis Pins\",\"url\":\"https:\/\/hotelsispins.com\/es\/\",\"logo\":{\"@type\":\"ImageObject\",\"inLanguage\":\"es\",\"@id\":\"https:\/\/hotelsispins.com\/es\/#\/schema\/logo\/image\/\",\"url\":\"https:\/\/hotelsispins.com\/wp-content\/uploads\/2017\/04\/Sis_Pins_Logo_CMYK_large.png\",\"contentUrl\":\"https:\/\/hotelsispins.com\/wp-content\/uploads\/2017\/04\/Sis_Pins_Logo_CMYK_large.png\",\"width\":\"3395\",\"height\":\"1299\",\"caption\":\"Hotel Sis Pins\"},\"image\":{\"@id\":\"https:\/\/hotelsispins.com\/es\/#\/schema\/logo\/image\/\"}}]}<\/script>\n<!-- \/ Yoast SEO plugin. -->","yoast_head_json":{"title":"Ciclismo - Hotel Sis Pins - Puerto Pollensa Majorca","robots":{"index":"index","follow":"follow","max-snippet":"max-snippet:-1","max-image-preview":"max-image-preview:large","max-video-preview":"max-video-preview:-1"},"canonical":"https:\/\/hotelsispins.com\/es\/ciclismo\/","og_locale":"es_ES","og_type":"article","og_title":"Ciclismo - Hotel Sis Pins - Puerto Pollensa Majorca","og_url":"https:\/\/hotelsispins.com\/es\/ciclismo\/","og_site_name":"Hotel Sis Pins - Puerto Pollensa Majorca","article_modified_time":"2023-07-12T08:32:07+00:00","twitter_card":"summary_large_image","twitter_misc":{"Tiempo de lectura":"9 minutos"},"schema":{"@context":"https:\/\/schema.org","@graph":[{"@type":"WebPage","@id":"https:\/\/hotelsispins.com\/es\/ciclismo\/","url":"https:\/\/hotelsispins.com\/es\/ciclismo\/","name":"Ciclismo - Hotel Sis Pins - Puerto Pollensa Majorca","isPartOf":{"@id":"https:\/\/hotelsispins.com\/es\/#website"},"datePublished":"2015-09-24T20:58:59+00:00","dateModified":"2023-07-12T08:32:07+00:00","breadcrumb":{"@id":"https:\/\/hotelsispins.com\/es\/ciclismo\/#breadcrumb"},"inLanguage":"es","potentialAction":[{"@type":"ReadAction","target":["https:\/\/hotelsispins.com\/es\/ciclismo\/"]}]},{"@type":"BreadcrumbList","@id":"https:\/\/hotelsispins.com\/es\/ciclismo\/#breadcrumb","itemListElement":[{"@type":"ListItem","position":1,"name":"Home","item":"https:\/\/hotelsispins.com\/es\/"},{"@type":"ListItem","position":2,"name":"Ciclismo"}]},{"@type":"WebSite","@id":"https:\/\/hotelsispins.com\/es\/#website","url":"https:\/\/hotelsispins.com\/es\/","name":"Hotel Sis Pins - Puerto Pollensa Majorca","description":"Looking for hotels in Majorca? Visit Hotel Sis Pins. Our Puerto Pollensa hotels are full of character, charm and metres away from the Mediterranean Sea","publisher":{"@id":"https:\/\/hotelsispins.com\/es\/#organization"},"potentialAction":[{"@type":"SearchAction","target":{"@type":"EntryPoint","urlTemplate":"https:\/\/hotelsispins.com\/es\/?s={search_term_string}"},"query-input":{"@type":"PropertyValueSpecification","valueRequired":true,"valueName":"search_term_string"}}],"inLanguage":"es"},{"@type":"Organization","@id":"https:\/\/hotelsispins.com\/es\/#organization","name":"Hotel Sis Pins","url":"https:\/\/hotelsispins.com\/es\/","logo":{"@type":"ImageObject","inLanguage":"es","@id":"https:\/\/hotelsispins.com\/es\/#\/schema\/logo\/image\/","url":"https:\/\/hotelsispins.com\/wp-content\/uploads\/2017\/04\/Sis_Pins_Logo_CMYK_large.png","contentUrl":"https:\/\/hotelsispins.com\/wp-content\/uploads\/2017\/04\/Sis_Pins_Logo_CMYK_large.png","width":"3395","height":"1299","caption":"Hotel Sis Pins"},"image":{"@id":"https:\/\/hotelsispins.com\/es\/#\/schema\/logo\/image\/"}}]}},"_links":{"self":[{"href":"https:\/\/hotelsispins.com\/es\/wp-json\/wp\/v2\/pages\/2931"}],"collection":[{"href":"https:\/\/hotelsispins.com\/es\/wp-json\/wp\/v2\/pages"}],"about":[{"href":"https:\/\/hotelsispins.com\/es\/wp-json\/wp\/v2\/types\/page"}],"author":[{"embeddable":true,"href":"https:\/\/hotelsispins.com\/es\/wp-json\/wp\/v2\/users\/1"}],"replies":[{"embeddable":true,"href":"https:\/\/hotelsispins.com\/es\/wp-json\/wp\/v2\/comments?post=2931"}],"version-history":[{"count":2,"href":"https:\/\/hotelsispins.com\/es\/wp-json\/wp\/v2\/pages\/2931\/revisions"}],"predecessor-version":[{"id":2933,"href":"https:\/\/hotelsispins.com\/es\/wp-json\/wp\/v2\/pages\/2931\/revisions\/2933"}],"wp:attachment":[{"href":"https:\/\/hotelsispins.com\/es\/wp-json\/wp\/v2\/media?parent=2931"}],"wp:term":[{"taxonomy":"language","embeddable":true,"href":"https:\/\/hotelsispins.com\/es\/wp-json\/wp\/v2\/language?post=2931"}],"curies":[{"name":"wp","href":"https:\/\/api.w.org\/{rel}","templated":true}]}}