{"id":2936,"date":"2015-02-03T20:15:09","date_gmt":"2015-02-03T20:15:09","guid":{"rendered":"https:\/\/hotelsispins.com\/cappuccino\/"},"modified":"2023-07-12T08:37:36","modified_gmt":"2023-07-12T08:37:36","slug":"cappuccino","status":"publish","type":"page","link":"https:\/\/hotelsispins.com\/es\/cappuccino\/","title":{"rendered":"Cappuccino Grand Cafe Majorca"},"content":{"rendered":"<p><div class=\"fusion-fullwidth fullwidth-box fusion-builder-row-1 nonhundred-percent-fullwidth non-hundred-percent-height-scrolling\" style=\"background-color: rgba(255,255,255,0);background-position: left top;background-repeat: no-repeat;padding-top:0px;padding-right:0px;padding-bottom:85px;padding-left:0px;margin-bottom: 0px;margin-top: 0px;border-width: 0px 0px 0px 0px;border-color:#eae9e9;border-style:solid;\" ><div class=\"fusion-builder-row fusion-row\"><div class=\"fusion-layout-column fusion_builder_column fusion-builder-column-0 fusion_builder_column_1_2 1_2 fusion-one-half fusion-column-first\" style=\"width:48%; margin-right: 4%;margin-top:0px;margin-bottom:20px;\"><div class=\"fusion-column-wrapper fusion-flex-column-wrapper-legacy\" style=\"background-position:left top;background-repeat:no-repeat;-webkit-background-size:cover;-moz-background-size:cover;-o-background-size:cover;background-size:cover;background-color:#ffffff;border-width: 1px 1px 1px 1px;border-color:#ebeef1;border-style:solid;padding: 40px 40px 40px 40px;\"><div class=\"imageframe-align-center\"><div class=\"awb-image-frame awb-image-frame-1 imageframe-liftup\"><span class=\" fusion-imageframe imageframe-dropshadow imageframe-1\" style=\"border:13px solid #ffffff;-webkit-box-shadow: 3px 3px 7px rgba(0,0,0,0.3);box-shadow: 3px 3px 7px rgba(0,0,0,0.3);\"><a href=\"http:\/\/hotelsispins.com\/wp-content\/uploads\/2015\/02\/SanFrancisco.jpg\" class=\"fusion-lightbox\" data-rel=\"iLightbox[7f37e33a98ab5830e48]\"><img decoding=\"async\" src=\"http:\/\/hotelsispins.com\/wp-content\/uploads\/2015\/02\/SanFrancisco.jpg\" alt class=\"img-responsive\"\/><\/a><\/span><\/div><\/div><div class=\"fusion-clearfix\"><\/div><\/div><\/div><div class=\"fusion-layout-column fusion_builder_column fusion-builder-column-1 fusion_builder_column_1_2 1_2 fusion-one-half fusion-column-last\" style=\"width:48%;margin-top:0px;margin-bottom:20px;\"><div class=\"fusion-column-wrapper fusion-flex-column-wrapper-legacy\" style=\"background-position:left top;background-repeat:no-repeat;-webkit-background-size:cover;-moz-background-size:cover;-o-background-size:cover;background-size:cover;padding: 0px 0px 0px 0px;\"><div class=\"fusion-text fusion-text-1\"><p style=\"letter-spacing: 4px; font-size: 13px; text-align: center; margin-bottom: 0px;\">RESTAURANTE<\/p>\n<h1 style=\"text-align: center;\">Cappuccino Grand Caf\u00e9<\/h1>\n<\/div><div class=\"fusion-sep-clear\"><\/div><div class=\"fusion-separator\" style=\"margin-left: auto;margin-right: auto;margin-top:0px;margin-bottom:20px;width:100%;max-width:50px;\"><div class=\"fusion-separator-border sep-single sep-solid\" style=\"border-color:#cbaa5c;border-top-width:1px;\"><\/div><\/div><div class=\"fusion-sep-clear\"><\/div><div class=\"fusion-text fusion-text-2\"><p><em>Fundada en Mallorca en 1993, Cappuccino es una empresa familiar que ha pasado de ser una humilde (aunque lujosa) cafeter\u00eda de Palmanova a una creciente red mundial de restaurantes de estilo bistr\u00f3 y un hotel de cinco estrellas.<\/em><\/p>\n<p><em>Conocidos por ocupar edificios emblem\u00e1ticos en ubicaciones privilegiadas, cada local tiene su propia identidad, pero es inconfundiblemente \u00abCappuccino\u00bb desde el primer momento.<\/em><\/p>\n<p><em>Productos de alta calidad, bebidas de primera, elegantes uniformes monocrom\u00e1ticos y m\u00fasica pinchada por DJ son s\u00f3lo algunos de los elementos que conforman el ADN de Cappuccino.<\/em><\/p>\n<p><em>El Hotel Sis Pins se enorgullece de compartir su ubicaci\u00f3n frente al mar de Puerto Pollensa con una marca de la talla de Cappuccino, y esperamos que nuestros hu\u00e9spedes disfruten de su compa\u00f1\u00eda.<\/em><\/p>\n<\/div><div class=\"fusion-sep-clear\"><\/div><div class=\"fusion-separator fusion-full-width-sep\" style=\"margin-left: auto;margin-right: auto;margin-top:12px;width:100%;\"><\/div><div class=\"fusion-sep-clear\"><\/div><div class=\"imageframe-align-center\"><span class=\" fusion-imageframe imageframe-none imageframe-2 hover-type-none\"><a href=\"https:\/\/hotelsispins.com\/wp-content\/uploads\/2019\/09\/cappucino-1-600x400.jpg\" class=\"fusion-lightbox\" data-rel=\"iLightbox[77da2fde3f5a7179778]\" data-title=\"cappucino\" title=\"cappucino\"><img decoding=\"async\" width=\"600\" height=\"400\" src=\"https:\/\/hotelsispins.com\/wp-content\/uploads\/2019\/09\/cappucino-1-600x400.jpg\" alt class=\"img-responsive wp-image-2862\" srcset=\"https:\/\/hotelsispins.com\/wp-content\/uploads\/2019\/09\/cappucino-1-200x133.jpg 200w, https:\/\/hotelsispins.com\/wp-content\/uploads\/2019\/09\/cappucino-1-400x267.jpg 400w, https:\/\/hotelsispins.com\/wp-content\/uploads\/2019\/09\/cappucino-1.jpg 600w\" sizes=\"(max-width: 800px) 100vw, 600px\" \/><\/a><\/span><\/div><div class=\"fusion-clearfix\"><\/div><\/div><\/div><\/div><\/div><div class=\"fusion-fullwidth fullwidth-box fusion-builder-row-2 nonhundred-percent-fullwidth non-hundred-percent-height-scrolling fusion-equal-height-columns\" style=\"background-color: rgba(255,255,255,0);background-position: left top;background-repeat: no-repeat;padding-top:0px;padding-right:0px;padding-bottom:100px;padding-left:0px;margin-bottom: 0px;margin-top: 0px;border-width: 0px 0px 0px 0px;border-color:#eae9e9;border-style:solid;\" ><div class=\"fusion-builder-row fusion-row\"><div class=\"fusion-layout-column fusion_builder_column fusion-builder-column-2 fusion_builder_column_1_3 1_3 fusion-one-third fusion-column-first\" style=\"margin-top:0px;margin-bottom:20px;\"><div class=\"fusion-column-wrapper fusion-flex-column-wrapper-legacy fusion-empty-dims-bg-image\" style=\"background-image: url(&#039;http:\/\/theme-fusion.com\/avada\/hotel-xml\/wp-content\/uploads\/sites\/38\/2015\/01\/dining_left_feature.jpg&#039;);background-position:right top;background-repeat:no-repeat;-webkit-background-size:cover;-moz-background-size:cover;-o-background-size:cover;background-size:cover;padding: 0px 0px 0px 0px;\" data-bg-url=\"http:\/\/theme-fusion.com\/avada\/hotel-xml\/wp-content\/uploads\/sites\/38\/2015\/01\/dining_left_feature.jpg\"><span class=\" fusion-imageframe imageframe-none imageframe-3 hover-type-none\" style=\"margin-left:25px;float:right;\"><img decoding=\"async\" width=\"345\" height=\"449\" title=\"currytai1\" src=\"http:\/\/hotelsispins.com\/wp-content\/uploads\/2017\/07\/currytai1.jpg\" alt class=\"img-responsive wp-image-2809\" srcset=\"https:\/\/hotelsispins.com\/wp-content\/uploads\/2017\/07\/currytai1-200x260.jpg 200w, https:\/\/hotelsispins.com\/wp-content\/uploads\/2017\/07\/currytai1.jpg 345w\" sizes=\"(max-width: 800px) 100vw, 345px\" \/><\/span><div class=\"fusion-clearfix\"><\/div><\/div><\/div><div class=\"fusion-layout-column fusion_builder_column fusion-builder-column-3 fusion_builder_column_1_3 1_3 fusion-one-third\" style=\"margin-top:0px;margin-bottom:20px;\"><div class=\"fusion-column-wrapper fusion-flex-column-wrapper-legacy\" style=\"background-position:left top;background-repeat:no-repeat;-webkit-background-size:cover;-moz-background-size:cover;-o-background-size:cover;background-size:cover;background-color:#1d2939;padding: 40px 40px 40px 40px;\"><div class=\"fusion-text fusion-text-3\"><h5 style=\"text-align: center;\"><span style=\"color: #cbaa5c; font-size: 13px; letter-spacing: 4px; line-height: 22px;\">\u00a1Cenas o bebidas donde puedes disfrutar de un momento de Shirley Valentine! \u00a1El men\u00fa var\u00eda desde pescado tradicional y papas fritas excelentes hasta curry rojo tailand\u00e9s!<\/span><\/h5>\n<h5 style=\"text-align: center;\"><span style=\"color: #cbaa5c; font-size: 13px; letter-spacing: 4px; line-height: 22px;\">Tranterdewey, Tripadvisor.co.uk<\/span><\/h5>\n<\/div><div class=\"fusion-clearfix\"><\/div><\/div><\/div><div class=\"fusion-layout-column fusion_builder_column fusion-builder-column-4 fusion_builder_column_1_3 1_3 fusion-one-third fusion-column-last\" style=\"margin-top:0px;margin-bottom:20px;\"><div class=\"fusion-column-wrapper fusion-flex-column-wrapper-legacy fusion-empty-dims-bg-image\" style=\"background-image: url(&#039;http:\/\/theme-fusion.com\/avada\/hotel-xml\/wp-content\/uploads\/sites\/38\/2015\/01\/dining_right_feature.jpg&#039;);background-position:left top;background-repeat:no-repeat;-webkit-background-size:cover;-moz-background-size:cover;-o-background-size:cover;background-size:cover;padding: 0px 0px 0px 0px;\" data-bg-url=\"http:\/\/theme-fusion.com\/avada\/hotel-xml\/wp-content\/uploads\/sites\/38\/2015\/01\/dining_right_feature.jpg\"><span class=\" fusion-imageframe imageframe-none imageframe-4 hover-type-none\"><img decoding=\"async\" width=\"345\" height=\"449\" title=\"ensaladadefruta\" src=\"http:\/\/hotelsispins.com\/wp-content\/uploads\/2017\/07\/ensaladadefruta.jpg\" alt class=\"img-responsive wp-image-2808\" srcset=\"https:\/\/hotelsispins.com\/wp-content\/uploads\/2017\/07\/ensaladadefruta-200x260.jpg 200w, https:\/\/hotelsispins.com\/wp-content\/uploads\/2017\/07\/ensaladadefruta.jpg 345w\" sizes=\"(max-width: 800px) 100vw, 345px\" \/><\/span><div class=\"fusion-clearfix\"><\/div><\/div><\/div><\/div><\/div><\/p>\n","protected":false},"excerpt":{"rendered":"","protected":false},"author":1,"featured_media":0,"parent":0,"menu_order":0,"comment_status":"open","ping_status":"open","template":"100-width.php","meta":{"footnotes":""},"language":[],"yoast_head":"<!-- This site is optimized with the Yoast SEO plugin v23.8 - https:\/\/yoast.com\/wordpress\/plugins\/seo\/ -->\n<title>Cappuccino Grand Cafe Majorca - Hotel Sis Pins - Puerto Pollensa Majorca<\/title>\n<meta name=\"robots\" content=\"index, follow, max-snippet:-1, max-image-preview:large, max-video-preview:-1\" \/>\n<link rel=\"canonical\" href=\"https:\/\/hotelsispins.com\/es\/cappuccino\/\" \/>\n<meta property=\"og:locale\" content=\"es_ES\" \/>\n<meta property=\"og:type\" content=\"article\" \/>\n<meta property=\"og:title\" content=\"Cappuccino Grand Cafe Majorca - Hotel Sis Pins - Puerto Pollensa Majorca\" \/>\n<meta property=\"og:url\" content=\"https:\/\/hotelsispins.com\/es\/cappuccino\/\" \/>\n<meta property=\"og:site_name\" content=\"Hotel Sis Pins - Puerto Pollensa Majorca\" \/>\n<meta property=\"article:modified_time\" content=\"2023-07-12T08:37:36+00:00\" \/>\n<meta property=\"og:image\" content=\"http:\/\/hotelsispins.com\/wp-content\/uploads\/2015\/02\/SanFrancisco.jpg\" \/>\n<meta name=\"twitter:card\" content=\"summary_large_image\" \/>\n<meta name=\"twitter:label1\" content=\"Tiempo de lectura\" \/>\n\t<meta name=\"twitter:data1\" content=\"7 minutos\" \/>\n<script type=\"application\/ld+json\" class=\"yoast-schema-graph\">{\"@context\":\"https:\/\/schema.org\",\"@graph\":[{\"@type\":\"WebPage\",\"@id\":\"https:\/\/hotelsispins.com\/es\/cappuccino\/\",\"url\":\"https:\/\/hotelsispins.com\/es\/cappuccino\/\",\"name\":\"Cappuccino Grand Cafe Majorca - Hotel Sis Pins - Puerto Pollensa Majorca\",\"isPartOf\":{\"@id\":\"https:\/\/hotelsispins.com\/es\/#website\"},\"primaryImageOfPage\":{\"@id\":\"https:\/\/hotelsispins.com\/es\/cappuccino\/#primaryimage\"},\"image\":{\"@id\":\"https:\/\/hotelsispins.com\/es\/cappuccino\/#primaryimage\"},\"thumbnailUrl\":\"http:\/\/hotelsispins.com\/wp-content\/uploads\/2015\/02\/SanFrancisco.jpg\",\"datePublished\":\"2015-02-03T20:15:09+00:00\",\"dateModified\":\"2023-07-12T08:37:36+00:00\",\"breadcrumb\":{\"@id\":\"https:\/\/hotelsispins.com\/es\/cappuccino\/#breadcrumb\"},\"inLanguage\":\"es\",\"potentialAction\":[{\"@type\":\"ReadAction\",\"target\":[\"https:\/\/hotelsispins.com\/es\/cappuccino\/\"]}]},{\"@type\":\"ImageObject\",\"inLanguage\":\"es\",\"@id\":\"https:\/\/hotelsispins.com\/es\/cappuccino\/#primaryimage\",\"url\":\"http:\/\/hotelsispins.com\/wp-content\/uploads\/2015\/02\/SanFrancisco.jpg\",\"contentUrl\":\"http:\/\/hotelsispins.com\/wp-content\/uploads\/2015\/02\/SanFrancisco.jpg\"},{\"@type\":\"BreadcrumbList\",\"@id\":\"https:\/\/hotelsispins.com\/es\/cappuccino\/#breadcrumb\",\"itemListElement\":[{\"@type\":\"ListItem\",\"position\":1,\"name\":\"Home\",\"item\":\"https:\/\/hotelsispins.com\/es\/\"},{\"@type\":\"ListItem\",\"position\":2,\"name\":\"Cappuccino Grand Cafe Majorca\"}]},{\"@type\":\"WebSite\",\"@id\":\"https:\/\/hotelsispins.com\/es\/#website\",\"url\":\"https:\/\/hotelsispins.com\/es\/\",\"name\":\"Hotel Sis Pins - Puerto Pollensa Majorca\",\"description\":\"Looking for hotels in Majorca? Visit Hotel Sis Pins. Our Puerto Pollensa hotels are full of character, charm and metres away from the Mediterranean Sea\",\"publisher\":{\"@id\":\"https:\/\/hotelsispins.com\/es\/#organization\"},\"potentialAction\":[{\"@type\":\"SearchAction\",\"target\":{\"@type\":\"EntryPoint\",\"urlTemplate\":\"https:\/\/hotelsispins.com\/es\/?s={search_term_string}\"},\"query-input\":{\"@type\":\"PropertyValueSpecification\",\"valueRequired\":true,\"valueName\":\"search_term_string\"}}],\"inLanguage\":\"es\"},{\"@type\":\"Organization\",\"@id\":\"https:\/\/hotelsispins.com\/es\/#organization\",\"name\":\"Hotel Sis Pins\",\"url\":\"https:\/\/hotelsispins.com\/es\/\",\"logo\":{\"@type\":\"ImageObject\",\"inLanguage\":\"es\",\"@id\":\"https:\/\/hotelsispins.com\/es\/#\/schema\/logo\/image\/\",\"url\":\"https:\/\/hotelsispins.com\/wp-content\/uploads\/2017\/04\/Sis_Pins_Logo_CMYK_large.png\",\"contentUrl\":\"https:\/\/hotelsispins.com\/wp-content\/uploads\/2017\/04\/Sis_Pins_Logo_CMYK_large.png\",\"width\":\"3395\",\"height\":\"1299\",\"caption\":\"Hotel Sis Pins\"},\"image\":{\"@id\":\"https:\/\/hotelsispins.com\/es\/#\/schema\/logo\/image\/\"}}]}<\/script>\n<!-- \/ Yoast SEO plugin. -->","yoast_head_json":{"title":"Cappuccino Grand Cafe Majorca - Hotel Sis Pins - Puerto Pollensa Majorca","robots":{"index":"index","follow":"follow","max-snippet":"max-snippet:-1","max-image-preview":"max-image-preview:large","max-video-preview":"max-video-preview:-1"},"canonical":"https:\/\/hotelsispins.com\/es\/cappuccino\/","og_locale":"es_ES","og_type":"article","og_title":"Cappuccino Grand Cafe Majorca - Hotel Sis Pins - Puerto Pollensa Majorca","og_url":"https:\/\/hotelsispins.com\/es\/cappuccino\/","og_site_name":"Hotel Sis Pins - Puerto Pollensa Majorca","article_modified_time":"2023-07-12T08:37:36+00:00","og_image":[{"url":"http:\/\/hotelsispins.com\/wp-content\/uploads\/2015\/02\/SanFrancisco.jpg"}],"twitter_card":"summary_large_image","twitter_misc":{"Tiempo de lectura":"7 minutos"},"schema":{"@context":"https:\/\/schema.org","@graph":[{"@type":"WebPage","@id":"https:\/\/hotelsispins.com\/es\/cappuccino\/","url":"https:\/\/hotelsispins.com\/es\/cappuccino\/","name":"Cappuccino Grand Cafe Majorca - Hotel Sis Pins - Puerto Pollensa Majorca","isPartOf":{"@id":"https:\/\/hotelsispins.com\/es\/#website"},"primaryImageOfPage":{"@id":"https:\/\/hotelsispins.com\/es\/cappuccino\/#primaryimage"},"image":{"@id":"https:\/\/hotelsispins.com\/es\/cappuccino\/#primaryimage"},"thumbnailUrl":"http:\/\/hotelsispins.com\/wp-content\/uploads\/2015\/02\/SanFrancisco.jpg","datePublished":"2015-02-03T20:15:09+00:00","dateModified":"2023-07-12T08:37:36+00:00","breadcrumb":{"@id":"https:\/\/hotelsispins.com\/es\/cappuccino\/#breadcrumb"},"inLanguage":"es","potentialAction":[{"@type":"ReadAction","target":["https:\/\/hotelsispins.com\/es\/cappuccino\/"]}]},{"@type":"ImageObject","inLanguage":"es","@id":"https:\/\/hotelsispins.com\/es\/cappuccino\/#primaryimage","url":"http:\/\/hotelsispins.com\/wp-content\/uploads\/2015\/02\/SanFrancisco.jpg","contentUrl":"http:\/\/hotelsispins.com\/wp-content\/uploads\/2015\/02\/SanFrancisco.jpg"},{"@type":"BreadcrumbList","@id":"https:\/\/hotelsispins.com\/es\/cappuccino\/#breadcrumb","itemListElement":[{"@type":"ListItem","position":1,"name":"Home","item":"https:\/\/hotelsispins.com\/es\/"},{"@type":"ListItem","position":2,"name":"Cappuccino Grand Cafe Majorca"}]},{"@type":"WebSite","@id":"https:\/\/hotelsispins.com\/es\/#website","url":"https:\/\/hotelsispins.com\/es\/","name":"Hotel Sis Pins - Puerto Pollensa Majorca","description":"Looking for hotels in Majorca? Visit Hotel Sis Pins. Our Puerto Pollensa hotels are full of character, charm and metres away from the Mediterranean Sea","publisher":{"@id":"https:\/\/hotelsispins.com\/es\/#organization"},"potentialAction":[{"@type":"SearchAction","target":{"@type":"EntryPoint","urlTemplate":"https:\/\/hotelsispins.com\/es\/?s={search_term_string}"},"query-input":{"@type":"PropertyValueSpecification","valueRequired":true,"valueName":"search_term_string"}}],"inLanguage":"es"},{"@type":"Organization","@id":"https:\/\/hotelsispins.com\/es\/#organization","name":"Hotel Sis Pins","url":"https:\/\/hotelsispins.com\/es\/","logo":{"@type":"ImageObject","inLanguage":"es","@id":"https:\/\/hotelsispins.com\/es\/#\/schema\/logo\/image\/","url":"https:\/\/hotelsispins.com\/wp-content\/uploads\/2017\/04\/Sis_Pins_Logo_CMYK_large.png","contentUrl":"https:\/\/hotelsispins.com\/wp-content\/uploads\/2017\/04\/Sis_Pins_Logo_CMYK_large.png","width":"3395","height":"1299","caption":"Hotel Sis Pins"},"image":{"@id":"https:\/\/hotelsispins.com\/es\/#\/schema\/logo\/image\/"}}]}},"_links":{"self":[{"href":"https:\/\/hotelsispins.com\/es\/wp-json\/wp\/v2\/pages\/2936"}],"collection":[{"href":"https:\/\/hotelsispins.com\/es\/wp-json\/wp\/v2\/pages"}],"about":[{"href":"https:\/\/hotelsispins.com\/es\/wp-json\/wp\/v2\/types\/page"}],"author":[{"embeddable":true,"href":"https:\/\/hotelsispins.com\/es\/wp-json\/wp\/v2\/users\/1"}],"replies":[{"embeddable":true,"href":"https:\/\/hotelsispins.com\/es\/wp-json\/wp\/v2\/comments?post=2936"}],"version-history":[{"count":2,"href":"https:\/\/hotelsispins.com\/es\/wp-json\/wp\/v2\/pages\/2936\/revisions"}],"predecessor-version":[{"id":2938,"href":"https:\/\/hotelsispins.com\/es\/wp-json\/wp\/v2\/pages\/2936\/revisions\/2938"}],"wp:attachment":[{"href":"https:\/\/hotelsispins.com\/es\/wp-json\/wp\/v2\/media?parent=2936"}],"wp:term":[{"taxonomy":"language","embeddable":true,"href":"https:\/\/hotelsispins.com\/es\/wp-json\/wp\/v2\/language?post=2936"}],"curies":[{"name":"wp","href":"https:\/\/api.w.org\/{rel}","templated":true}]}}