{"id":2950,"date":"2015-02-03T20:14:31","date_gmt":"2015-02-03T20:14:31","guid":{"rendered":"https:\/\/hotelsispins.com\/facilities\/"},"modified":"2023-07-13T07:34:42","modified_gmt":"2023-07-13T07:34:42","slug":"instalaciones","status":"publish","type":"page","link":"https:\/\/hotelsispins.com\/es\/instalaciones\/","title":{"rendered":"Instalaciones"},"content":{"rendered":"<div class=\"fusion-fullwidth fullwidth-box fusion-builder-row-1 nonhundred-percent-fullwidth non-hundred-percent-height-scrolling\" style=\"background-color: rgba(255,255,255,0);background-position: center center;background-repeat: no-repeat;padding-top:0px;padding-right:30px;padding-bottom:0px;padding-left:30px;margin-bottom: 0px;margin-top: 0px;border-width: 0px 0px 0px 0px;border-color:#eae9e9;border-style:solid;\" ><div class=\"fusion-builder-row fusion-row\"><div class=\"fusion-layout-column fusion_builder_column fusion-builder-column-0 fusion_builder_column_2_3 2_3 fusion-two-third fusion-column-first\" style=\"width:65.3333%; margin-right: 4%;margin-top:0px;margin-bottom:20px;\"><div class=\"fusion-column-wrapper fusion-flex-column-wrapper-legacy\" style=\"background-position:left top;background-repeat:no-repeat;-webkit-background-size:cover;-moz-background-size:cover;-o-background-size:cover;background-size:cover;padding: 0px 0px 0px 0px;\"><div class=\"fusion-text fusion-text-1\"><h2>El amable y profesional personal del Hotel Sis Pins se asegurar\u00e1 de que aproveche al m\u00e1ximo las fant\u00e1sticas instalaciones del hotel y disfrute al m\u00e1ximo de su estancia en nuestro hotel de playa en Mallorca.<\/h2>\n<p>Estamos situados a s\u00f3lo unos metros del c\u00e1lido y turquesa mar Mediterr\u00e1neo, perfecto para nadar, navegar en yate y realizar otras actividades acu\u00e1ticas. El hotel tambi\u00e9n est\u00e1 a poca distancia del puerto deportivo, tiendas y restaurantes.<\/p>\n<p>Desde el Cappuccino Grand Caf\u00e9, wifi en la zona de sal\u00f3n, hasta los servicios de canguro de primera clase, nuestro hotel tiene todo lo que necesita para el descanso perfecto.<\/p>\n<p>Estos son algunos de los servicios de alta calidad que ofrecemos a nuestros hu\u00e9spedes:<\/p>\n<h4>Terraza cubierta\/descubierta<\/h4>\n<p>Nuestra terraza cubierta\/descubierta tiene vistas a la hermosa bah\u00eda de Pollensa y es el lugar perfecto para tomar un buen desayuno, un caf\u00e9 reci\u00e9n hecho o simplemente ver pasar el mundo.<\/p>\n<h4><strong>Caf\u00e9 Bar<\/strong><\/h4>\n<p>Cappuccino Grand Caf\u00e9 ofrece una amplia gama de comidas y bebidas de primera calidad, sin olvidar su famoso Cappuccino.<\/p>\n<h4>Servicio de canguro<\/h4>\n<p>Si se va de viaje con sus hijos pero desea un apoyo adicional, el Hotel Sis Pins ofrece un servicio de canguro de primera clase que le permitir\u00e1 estar tranquilo de que sus hijos est\u00e1n siendo cuidados en un entorno seguro y protegido.<\/p>\n<h4>Ascensor<\/h4>\n<p>El hotel dispone de ascensor, que le permitir\u00e1 acceder f\u00e1cilmente a todas las zonas del hotel \u00a1y le evitar\u00e1 tener que bajar tramos de escaleras con su maleta!<\/p>\n<h4><strong>Wifi<\/strong><\/h4>\n<p>El Hotel Sis Pins ofrece servicio de internet wifi a todos los hu\u00e9spedes desde la comodidad de sus habitaciones para que pueda mantenerse al d\u00eda con su familia y amigos.<\/p>\n<h4>Sin Humo<\/h4>\n<p>El hotel aplica una pol\u00edtica de NO fumadores, incluida la terraza y el sol\u00e1rium.<\/p>\n<h4>Servicios de Porter\u00eda Nocturna<\/h4>\n<p>El portero de noche presta servicio a todos los hu\u00e9spedes, garantizando una excelente atenci\u00f3n al cliente y manteniendo su satisfacci\u00f3n en todo momento, tanto de d\u00eda como de noche.<\/p>\n<h4>Aire acondicionado<\/h4>\n<p>Todas las habitaciones y zonas comunes est\u00e1n equipadas con aire acondicionado, para proporcionar un ambiente fresco y confortable durante su estancia.<\/p>\n<h4><strong>Habitaciones<\/strong><\/h4>\n<p>Todas las habitaciones est\u00e1n equipadas con tel\u00e9fono, nevera, tetera\/cafetera y caja fuerte.<\/p>\n<p>Todas estas instalaciones, as\u00ed como la ayuda que recibir\u00e1 de nuestro personal, le asegurar\u00e1n una estancia relajante y confortable en nuestros hoteles de playa en Mallorca.<\/p>\n<\/div><div class=\"fusion-clearfix\"><\/div><\/div><\/div><div class=\"fusion-layout-column fusion_builder_column fusion-builder-column-1 fusion_builder_column_1_3 1_3 fusion-one-third fusion-column-last\" style=\"width:30.6666%;margin-top:0px;margin-bottom:20px;\"><div class=\"fusion-column-wrapper fusion-flex-column-wrapper-legacy\" style=\"background-position:left top;background-repeat:no-repeat;-webkit-background-size:cover;-moz-background-size:cover;-o-background-size:cover;background-size:cover;padding: 0px 0px 0px 0px;\"><div class=\"imageframe-align-center\"><span class=\" fusion-imageframe imageframe-none imageframe-1 hover-type-none\"><img decoding=\"async\" src=\"http:\/\/hotelsispins.com\/wp-content\/uploads\/2015\/02\/terrace.jpg\" alt class=\"img-responsive\"\/><\/span><\/div><div class=\"fusion-text fusion-text-2\"><p style=\"text-align: center;\">Terraza cubierta\/descubierta<\/p>\n<\/div><div class=\"imageframe-align-center\"><span class=\" fusion-imageframe imageframe-none imageframe-2 hover-type-none\"><img decoding=\"async\" src=\"http:\/\/hotelsispins.com\/wp-content\/uploads\/2015\/02\/wifi.jpg\" alt class=\"img-responsive\"\/><\/span><\/div><div class=\"fusion-text fusion-text-3\"><p style=\"text-align: center;\">WiFi gratuito<\/p>\n<\/div><div class=\"imageframe-align-center\"><span class=\" fusion-imageframe imageframe-none imageframe-3 hover-type-none\"><img decoding=\"async\" src=\"http:\/\/hotelsispins.com\/wp-content\/uploads\/2015\/02\/restaurant.jpg\" alt class=\"img-responsive\"\/><\/span><\/div><div class=\"fusion-text fusion-text-4\"><p style=\"text-align: center;\">Deliciosos desayunos buf\u00e9 diarios<\/p>\n<\/div><div class=\"imageframe-align-center\"><span class=\" fusion-imageframe imageframe-none imageframe-4 hover-type-none\"><img decoding=\"async\" src=\"http:\/\/hotelsispins.com\/wp-content\/uploads\/2015\/02\/babysit.jpg\" alt class=\"img-responsive\"\/><\/span><\/div><div class=\"fusion-text fusion-text-5\"><p style=\"text-align: center;\">Servicio de canguro<\/p>\n<\/div><div class=\"imageframe-align-center\"><span class=\" fusion-imageframe imageframe-none imageframe-5 hover-type-none\"><img decoding=\"async\" src=\"http:\/\/hotelsispins.com\/wp-content\/uploads\/2015\/02\/lift.jpg\" alt class=\"img-responsive\"\/><\/span><\/div><div class=\"fusion-text fusion-text-6\"><p style=\"text-align: center;\">Ascensor<\/p>\n<\/div><div class=\"fusion-clearfix\"><\/div><\/div><\/div><\/div><\/div>\n","protected":false},"excerpt":{"rendered":"","protected":false},"author":1,"featured_media":0,"parent":0,"menu_order":0,"comment_status":"open","ping_status":"open","template":"100-width.php","meta":{"footnotes":""},"language":[],"yoast_head":"<!-- This site is optimized with the Yoast SEO plugin v23.8 - https:\/\/yoast.com\/wordpress\/plugins\/seo\/ -->\n<title>Instalaciones - Hotel Sis Pins - Puerto Pollensa Majorca<\/title>\n<meta name=\"robots\" content=\"index, follow, max-snippet:-1, max-image-preview:large, max-video-preview:-1\" \/>\n<link rel=\"canonical\" href=\"https:\/\/hotelsispins.com\/es\/instalaciones\/\" \/>\n<meta property=\"og:locale\" content=\"es_ES\" \/>\n<meta property=\"og:type\" content=\"article\" \/>\n<meta property=\"og:title\" content=\"Instalaciones - Hotel Sis Pins - Puerto Pollensa Majorca\" \/>\n<meta property=\"og:url\" content=\"https:\/\/hotelsispins.com\/es\/instalaciones\/\" \/>\n<meta property=\"og:site_name\" content=\"Hotel Sis Pins - Puerto Pollensa Majorca\" \/>\n<meta property=\"article:modified_time\" content=\"2023-07-13T07:34:42+00:00\" \/>\n<meta property=\"og:image\" content=\"http:\/\/hotelsispins.com\/wp-content\/uploads\/2015\/02\/terrace.jpg\" \/>\n<meta name=\"twitter:card\" content=\"summary_large_image\" \/>\n<meta name=\"twitter:label1\" content=\"Tiempo de lectura\" \/>\n\t<meta name=\"twitter:data1\" content=\"5 minutos\" \/>\n<script type=\"application\/ld+json\" class=\"yoast-schema-graph\">{\"@context\":\"https:\/\/schema.org\",\"@graph\":[{\"@type\":\"WebPage\",\"@id\":\"https:\/\/hotelsispins.com\/es\/instalaciones\/\",\"url\":\"https:\/\/hotelsispins.com\/es\/instalaciones\/\",\"name\":\"Instalaciones - Hotel Sis Pins - Puerto Pollensa Majorca\",\"isPartOf\":{\"@id\":\"https:\/\/hotelsispins.com\/es\/#website\"},\"primaryImageOfPage\":{\"@id\":\"https:\/\/hotelsispins.com\/es\/instalaciones\/#primaryimage\"},\"image\":{\"@id\":\"https:\/\/hotelsispins.com\/es\/instalaciones\/#primaryimage\"},\"thumbnailUrl\":\"http:\/\/hotelsispins.com\/wp-content\/uploads\/2015\/02\/terrace.jpg\",\"datePublished\":\"2015-02-03T20:14:31+00:00\",\"dateModified\":\"2023-07-13T07:34:42+00:00\",\"breadcrumb\":{\"@id\":\"https:\/\/hotelsispins.com\/es\/instalaciones\/#breadcrumb\"},\"inLanguage\":\"es\",\"potentialAction\":[{\"@type\":\"ReadAction\",\"target\":[\"https:\/\/hotelsispins.com\/es\/instalaciones\/\"]}]},{\"@type\":\"ImageObject\",\"inLanguage\":\"es\",\"@id\":\"https:\/\/hotelsispins.com\/es\/instalaciones\/#primaryimage\",\"url\":\"http:\/\/hotelsispins.com\/wp-content\/uploads\/2015\/02\/terrace.jpg\",\"contentUrl\":\"http:\/\/hotelsispins.com\/wp-content\/uploads\/2015\/02\/terrace.jpg\"},{\"@type\":\"BreadcrumbList\",\"@id\":\"https:\/\/hotelsispins.com\/es\/instalaciones\/#breadcrumb\",\"itemListElement\":[{\"@type\":\"ListItem\",\"position\":1,\"name\":\"Home\",\"item\":\"https:\/\/hotelsispins.com\/es\/\"},{\"@type\":\"ListItem\",\"position\":2,\"name\":\"Instalaciones\"}]},{\"@type\":\"WebSite\",\"@id\":\"https:\/\/hotelsispins.com\/es\/#website\",\"url\":\"https:\/\/hotelsispins.com\/es\/\",\"name\":\"Hotel Sis Pins - Puerto Pollensa Majorca\",\"description\":\"Looking for hotels in Majorca? Visit Hotel Sis Pins. Our Puerto Pollensa hotels are full of character, charm and metres away from the Mediterranean Sea\",\"publisher\":{\"@id\":\"https:\/\/hotelsispins.com\/es\/#organization\"},\"potentialAction\":[{\"@type\":\"SearchAction\",\"target\":{\"@type\":\"EntryPoint\",\"urlTemplate\":\"https:\/\/hotelsispins.com\/es\/?s={search_term_string}\"},\"query-input\":{\"@type\":\"PropertyValueSpecification\",\"valueRequired\":true,\"valueName\":\"search_term_string\"}}],\"inLanguage\":\"es\"},{\"@type\":\"Organization\",\"@id\":\"https:\/\/hotelsispins.com\/es\/#organization\",\"name\":\"Hotel Sis Pins\",\"url\":\"https:\/\/hotelsispins.com\/es\/\",\"logo\":{\"@type\":\"ImageObject\",\"inLanguage\":\"es\",\"@id\":\"https:\/\/hotelsispins.com\/es\/#\/schema\/logo\/image\/\",\"url\":\"https:\/\/hotelsispins.com\/wp-content\/uploads\/2017\/04\/Sis_Pins_Logo_CMYK_large.png\",\"contentUrl\":\"https:\/\/hotelsispins.com\/wp-content\/uploads\/2017\/04\/Sis_Pins_Logo_CMYK_large.png\",\"width\":\"3395\",\"height\":\"1299\",\"caption\":\"Hotel Sis Pins\"},\"image\":{\"@id\":\"https:\/\/hotelsispins.com\/es\/#\/schema\/logo\/image\/\"}}]}<\/script>\n<!-- \/ Yoast SEO plugin. -->","yoast_head_json":{"title":"Instalaciones - Hotel Sis Pins - Puerto Pollensa Majorca","robots":{"index":"index","follow":"follow","max-snippet":"max-snippet:-1","max-image-preview":"max-image-preview:large","max-video-preview":"max-video-preview:-1"},"canonical":"https:\/\/hotelsispins.com\/es\/instalaciones\/","og_locale":"es_ES","og_type":"article","og_title":"Instalaciones - Hotel Sis Pins - Puerto Pollensa Majorca","og_url":"https:\/\/hotelsispins.com\/es\/instalaciones\/","og_site_name":"Hotel Sis Pins - Puerto Pollensa Majorca","article_modified_time":"2023-07-13T07:34:42+00:00","og_image":[{"url":"http:\/\/hotelsispins.com\/wp-content\/uploads\/2015\/02\/terrace.jpg"}],"twitter_card":"summary_large_image","twitter_misc":{"Tiempo de lectura":"5 minutos"},"schema":{"@context":"https:\/\/schema.org","@graph":[{"@type":"WebPage","@id":"https:\/\/hotelsispins.com\/es\/instalaciones\/","url":"https:\/\/hotelsispins.com\/es\/instalaciones\/","name":"Instalaciones - Hotel Sis Pins - Puerto Pollensa Majorca","isPartOf":{"@id":"https:\/\/hotelsispins.com\/es\/#website"},"primaryImageOfPage":{"@id":"https:\/\/hotelsispins.com\/es\/instalaciones\/#primaryimage"},"image":{"@id":"https:\/\/hotelsispins.com\/es\/instalaciones\/#primaryimage"},"thumbnailUrl":"http:\/\/hotelsispins.com\/wp-content\/uploads\/2015\/02\/terrace.jpg","datePublished":"2015-02-03T20:14:31+00:00","dateModified":"2023-07-13T07:34:42+00:00","breadcrumb":{"@id":"https:\/\/hotelsispins.com\/es\/instalaciones\/#breadcrumb"},"inLanguage":"es","potentialAction":[{"@type":"ReadAction","target":["https:\/\/hotelsispins.com\/es\/instalaciones\/"]}]},{"@type":"ImageObject","inLanguage":"es","@id":"https:\/\/hotelsispins.com\/es\/instalaciones\/#primaryimage","url":"http:\/\/hotelsispins.com\/wp-content\/uploads\/2015\/02\/terrace.jpg","contentUrl":"http:\/\/hotelsispins.com\/wp-content\/uploads\/2015\/02\/terrace.jpg"},{"@type":"BreadcrumbList","@id":"https:\/\/hotelsispins.com\/es\/instalaciones\/#breadcrumb","itemListElement":[{"@type":"ListItem","position":1,"name":"Home","item":"https:\/\/hotelsispins.com\/es\/"},{"@type":"ListItem","position":2,"name":"Instalaciones"}]},{"@type":"WebSite","@id":"https:\/\/hotelsispins.com\/es\/#website","url":"https:\/\/hotelsispins.com\/es\/","name":"Hotel Sis Pins - Puerto Pollensa Majorca","description":"Looking for hotels in Majorca? Visit Hotel Sis Pins. Our Puerto Pollensa hotels are full of character, charm and metres away from the Mediterranean Sea","publisher":{"@id":"https:\/\/hotelsispins.com\/es\/#organization"},"potentialAction":[{"@type":"SearchAction","target":{"@type":"EntryPoint","urlTemplate":"https:\/\/hotelsispins.com\/es\/?s={search_term_string}"},"query-input":{"@type":"PropertyValueSpecification","valueRequired":true,"valueName":"search_term_string"}}],"inLanguage":"es"},{"@type":"Organization","@id":"https:\/\/hotelsispins.com\/es\/#organization","name":"Hotel Sis Pins","url":"https:\/\/hotelsispins.com\/es\/","logo":{"@type":"ImageObject","inLanguage":"es","@id":"https:\/\/hotelsispins.com\/es\/#\/schema\/logo\/image\/","url":"https:\/\/hotelsispins.com\/wp-content\/uploads\/2017\/04\/Sis_Pins_Logo_CMYK_large.png","contentUrl":"https:\/\/hotelsispins.com\/wp-content\/uploads\/2017\/04\/Sis_Pins_Logo_CMYK_large.png","width":"3395","height":"1299","caption":"Hotel Sis Pins"},"image":{"@id":"https:\/\/hotelsispins.com\/es\/#\/schema\/logo\/image\/"}}]}},"_links":{"self":[{"href":"https:\/\/hotelsispins.com\/es\/wp-json\/wp\/v2\/pages\/2950"}],"collection":[{"href":"https:\/\/hotelsispins.com\/es\/wp-json\/wp\/v2\/pages"}],"about":[{"href":"https:\/\/hotelsispins.com\/es\/wp-json\/wp\/v2\/types\/page"}],"author":[{"embeddable":true,"href":"https:\/\/hotelsispins.com\/es\/wp-json\/wp\/v2\/users\/1"}],"replies":[{"embeddable":true,"href":"https:\/\/hotelsispins.com\/es\/wp-json\/wp\/v2\/comments?post=2950"}],"version-history":[{"count":2,"href":"https:\/\/hotelsispins.com\/es\/wp-json\/wp\/v2\/pages\/2950\/revisions"}],"predecessor-version":[{"id":2952,"href":"https:\/\/hotelsispins.com\/es\/wp-json\/wp\/v2\/pages\/2950\/revisions\/2952"}],"wp:attachment":[{"href":"https:\/\/hotelsispins.com\/es\/wp-json\/wp\/v2\/media?parent=2950"}],"wp:term":[{"taxonomy":"language","embeddable":true,"href":"https:\/\/hotelsispins.com\/es\/wp-json\/wp\/v2\/language?post=2950"}],"curies":[{"name":"wp","href":"https:\/\/api.w.org\/{rel}","templated":true}]}}